{"id":1334,"date":"2024-05-09T07:48:11","date_gmt":"2024-05-09T07:48:11","guid":{"rendered":"https:\/\/globalyatirim.com.tr\/sustainability\/management-discussion-and-analysis\/"},"modified":"2025-01-15T08:09:15","modified_gmt":"2025-01-15T08:09:15","slug":"yonetim-degerlendirmesi-ve-analizi","status":"publish","type":"page","link":"https:\/\/globalyatirim.com.tr\/tr\/surdurulebilirlik\/yonetim-degerlendirmesi-ve-analizi\/","title":{"rendered":"Y\u00f6netim De\u011ferlendirmesi ve Analizi"},"content":{"rendered":"\n<div id=\"tab-2\">\n\n    <!-- Img-Text-Text -->\n    <section id=\"management-discussion\" class=\"position-relative\">\n        <div class=\"shared-background-holder mobile-cover mobile-center mobile-h-100 desktop-cover desktop-top-center\">\n            <img decoding=\"async\" class=\"w-100 lazyload\" data-src=\"https:\/\/globalyatirim.com.tr\/wp-content\/themes\/mbcthemes\/assets\/img\/background-world-gray.png\" alt=\"\" src=\"data:image\/svg+xml;base64,PHN2ZyB3aWR0aD0iMSIgaGVpZ2h0PSIxIiB4bWxucz0iaHR0cDovL3d3dy53My5vcmcvMjAwMC9zdmciPjwvc3ZnPg==\" style=\"--smush-placeholder-width: 1909px; --smush-placeholder-aspect-ratio: 1909\/1055;\">\n        <\/div>\n        <div class=\"container\">\n            <div class=\"img-text-text d-flex justify-content-center\">\n                <div class=\"col-xl-11 col-xxl-10 px-0\">\n                    <div class=\"d-flex flex-column flex-xl-row justify-content-between\">\n                        <div class=\"left\">\n                            <img decoding=\"async\" data-src=\"https:\/\/globalyatirim.com.tr\/wp-content\/uploads\/2024\/05\/ferda-ildir.jpg\" class=\"img-regular mb-1 lazyload\" alt=\"\" src=\"data:image\/svg+xml;base64,PHN2ZyB3aWR0aD0iMSIgaGVpZ2h0PSIxIiB4bWxucz0iaHR0cDovL3d3dy53My5vcmcvMjAwMC9zdmciPjwvc3ZnPg==\" style=\"--smush-placeholder-width: 535px; --smush-placeholder-aspect-ratio: 535\/746;\">\n                            <p class=\"name mb-1 mt-4\">Ferda\u011f Ild\u0131r<\/p>\n                            <p class=\"desc-gray\">Mali \u0130\u015fler Grup Ba\u015fkan\u0131<\/p>\n                        <\/div>\n                        <div class=\"right d-flex flex-column\">\n                            <div class=\" d-flex flex-column flex-xl-row justify-content-between\">\n                                <p class=\"desc-gray\">De\u011ferli Payda\u015flar\u0131m\u0131z,<br><br>\r\n\r\nGlobal Yat\u0131r\u0131m Holding (GYH) olarak toplumumuza ve d\u00fcnyam\u0131za kar\u015f\u0131 ta\u015f\u0131d\u0131\u011f\u0131m\u0131z sorumluluk bilinciyle faaliyetlerimizi s\u00fcrd\u00fcrmekteyiz.<br><br>\r\n\r\nLiman i\u015fletmecili\u011fi, elektrik \u00fcretimi, gaz, maden, gayrimenkul ve finans gibi farkl\u0131 sekt\u00f6rlerdeki t\u00fcm operasyonlar\u0131m\u0131z\u0131 \u00e7evresel mevzuatlar ve uluslararas\u0131 standartlara uyum i\u00e7erisinde y\u00fcr\u00fct\u00fcyoruz.<br><br>\r\n\r\n\u00c7evre Politikam\u0131zda da belirtti\u011fimiz \u00fczere, faaliyetlerimizin \u00e7evresel etkilerini etkin bir \u015fekilde y\u00f6netmeyi, bu etkileri azaltmay\u0131 ve \u00e7evresel performans\u0131m\u0131z\u0131 s\u00fcrekli olarak iyile\u015ftirmeyi taahh\u00fct ediyoruz.<\/p>\n                                <p class=\"desc-gray\">\u0130klim de\u011fi\u015fikli\u011fi ile m\u00fccadelede, sera gaz\u0131 emisyonlar\u0131m\u0131z\u0131 azaltmay\u0131 hedefliyor, operasyonlar\u0131m\u0131z\u0131n her a\u015famas\u0131nda enerji verimlili\u011fini art\u0131racak ve enerji t\u00fcketimini azaltacak \u00f6nlemler al\u0131yoruz. Ayr\u0131ca, su ve do\u011fal kaynaklar\u0131n kullan\u0131m\u0131n\u0131 minimize ederek, bu kaynaklar\u0131 en verimli \u015fekilde kullanmak i\u00e7in gereken t\u00fcm tedbirleri al\u0131yoruz. S\u00fcrd\u00fcr\u00fclebilirlik anlay\u0131\u015f\u0131m\u0131z \u00e7er\u00e7evesinde, \u00e7evresel sorumluluklar\u0131m\u0131z\u0131 yerine getirirken, gelece\u011fe de temiz ve ya\u015fan\u0131labilir bir d\u00fcnya b\u0131rakmay\u0131 hedefliyoruz.<br><br>\r\n\r\n\u0130\u015ftiraklerimizle birlikte s\u00fcrd\u00fcr\u00fclebilir kalk\u0131nma hedeflerine katk\u0131 sa\u011flarken, finansal ba\u015far\u0131lar\u0131m\u0131z\u0131 da g\u00fc\u00e7l\u00fc bir \u015fekilde art\u0131rmaya devam ediyoruz. G\u00fc\u00e7l\u00fc kurumsal y\u00f6neti\u015fim anlay\u0131\u015f\u0131m\u0131z, entegre risk y\u00f6netimi ve i\u00e7 kontrol mekanizmalar\u0131m\u0131z ile \u201cilk hamle yapan\u201d olman\u0131n rekabet avantaj\u0131n\u0131 kullanarak b\u00fcy\u00fcyen sekt\u00f6rlerde cazip yat\u0131r\u0131m f\u0131rsatlar\u0131n\u0131 de\u011ferlendiriyoruz. Stratejik yakla\u015f\u0131m\u0131m\u0131z, s\u00fcrekli de\u011fi\u015fen i\u015f ortam\u0131 ve pazar ko\u015fullar\u0131na h\u0131zla uyum sa\u011flamam\u0131z\u0131 sa\u011flamakta ve sekt\u00f6rel b\u00fcy\u00fcme f\u0131rsatlar\u0131n\u0131 en verimli \u015fekilde de\u011ferlendirmemize olanak tan\u0131maktad\u0131r.\r\n\r\n\r\n\r\n\r\n<\/p>\n                            <\/div>\n                        <\/div>\n                    <\/div>\n                    <p class=\"desc-gray\">S\u00fcrd\u00fcr\u00fclebilir b\u00fcy\u00fcme vizyonumuz do\u011frultusunda, sadece operasyonel ve finansal b\u00fcy\u00fcmeyi de\u011fil, ayn\u0131 zamanda gelece\u011fin trendlerine uyum sa\u011flamak i\u00e7in teknolojik geli\u015fmeleri takip ediyor, Ar-Ge ve inovasyon alan\u0131nda yat\u0131r\u0131mlar ger\u00e7ekle\u015ftiriyoruz. B\u00f6ylece, t\u00fcm payda\u015flar\u0131m\u0131za de\u011fer yaratmay\u0131 ve de\u011fer zincirimizi entegre bir \u015fekilde y\u00f6netmeyi ama\u00e7l\u0131yoruz.<br><br>\r\n\r\n2023 y\u0131l\u0131 piyasa ko\u015fullar\u0131na ra\u011fmen Grubumuz a\u00e7\u0131s\u0131ndan olduk\u00e7a ba\u015far\u0131l\u0131 bir y\u0131l oldu. S\u00fcrekli b\u00fcy\u00fcme ve yo\u011fun yat\u0131r\u0131mlara ra\u011fmen, finansal rasyolar\u0131m\u0131z\u0131 makul seviyelerde tutmaya devam ettik. GYH\u2019nin enflasyon muhasebesinin uyguland\u0131\u011f\u0131 2023 y\u0131l\u0131 finansal sonu\u00e7lar\u0131na g\u00f6re konsolide net kar\u0131 bir \u00f6nceki y\u0131la k\u0131yasla %76\u2019l\u0131k art\u0131\u015fla 2.007,8 milyon TL olarak ger\u00e7ekle\u015fti.<br><br>\r\n\r\nGlobal Yat\u0131r\u0131m Holding\u2019in konsolide gelirleri, IFRIC 12 etkisi hari\u00e7 tutuldu\u011funda, 2023 y\u0131l\u0131nda 12.176 milyon TL seviyesinde ger\u00e7ekle\u015fti. Konsolide operasyonel faiz vergi amortisman \u00f6ncesi k\u00e2r\u0131 (FAV\u00d6K) ise 4.690.3milyonTL olarak ger\u00e7ekle\u015fti.<br><br>\r\n\r\nLiman i\u015fletmecili\u011fi gelirleri 2023\u2019te 2022 y\u0131l\u0131na k\u0131yasla %42 art\u0131\u015fla 4.848mia TL seviyesinde ger\u00e7ekle\u015firken FAV\u00d6K ise ayn\u0131 d\u00f6nemde %55 art\u0131\u015fla 3.124mia TL olarak ger\u00e7ekle\u015fti. Liman i\u015f kolumuzda, limanlar\u0131m\u0131za gelen gemilerin ortalama doluluk oran\u0131 ise Aral\u0131k 2023`te %105 seviyesinde ger\u00e7ekle\u015fti. Ancak doluluk oranlar\u0131 Temmuz ve Ekim aylar\u0131nda %116 ve %118 gibi s\u0131n\u0131rlar\u0131 zorlayan rakamlar\u0131 da g\u00f6rd\u00fc. 2023 y\u0131l\u0131nda limanlar\u0131m\u0131za gelen gemi say\u0131s\u0131 2022 y\u0131l\u0131n\u0131n %23 \u00fczerinde ger\u00e7ekle\u015firken, yolcu hareketleri de 2023\u2019te 2022 seviyesinin %67 \u00fczerinde ger\u00e7ekle\u015fti. <br><br>\r\n\r\nGaz i\u015f kolumuzda 2023 y\u0131l\u0131nda sat\u0131\u015f hacmi %10 art\u0131\u015fla 251mn Sm3\u2019e ula\u015ft\u0131. \u015eehir Gaz\u0131 i\u015f kolu sat\u0131\u015f hacmi, 2023 y\u0131l\u0131nda bir \u00f6nceki y\u0131la g\u00f6re %68 art\u0131\u015fla 117mn Sm3 oldu. Ula\u015f\u0131lan \u0130l\u00e7e ve Belde say\u0131s\u0131 2023 sonunda 128 oldu. Enflasyon muhasebesi ve do\u011falgaz fiyatlar\u0131ndaki d\u00fc\u015f\u00fc\u015f nedeni ile hacim art\u0131\u015f\u0131na ra\u011fmen gelirler %42 oran\u0131nda azalarak 4.019milyon olarak ger\u00e7ekle\u015fti. FAV\u00d6K de ayn\u0131 d\u00f6nemde %57 oran\u0131nda daralarak 712,2mn TL seviyesinde ger\u00e7ekle\u015fti.<br><br>\r\n\r\nDa\u011f\u0131t\u0131k enerji tesisleri (kojenerasyon\/trijenerasyon) ile biyok\u00fctle ve g\u00fcne\u015f bazl\u0131 temiz enerji \u00fcretimini i\u00e7eren elektrik \u00fcretimi i\u015f kolunun gelirleri 2023 y\u0131l\u0131nda 2022 y\u0131l\u0131na k\u0131yasla %6 art\u0131\u015fla 1.170,1milyon TL\u2019ye ula\u015ft\u0131 FAV\u00d6K 2023\u2019te y\u0131ll\u0131k bazda %16 azal\u0131\u015fla 290 milyon TL seviyesinde ger\u00e7ekle\u015fti. FAV\u00d6K\u2019\u00fcn 2023 y\u0131l\u0131nda bir \u00f6nceki y\u0131la g\u00f6re azalmas\u0131nda ise, TL \u00fcretici enflasyonundaki y\u00fcksek art\u0131\u015f sonucu yabanc\u0131 para cinsinden gelir elde edilen i\u015f kollar\u0131nda ya\u015fanan operasyonel k\u00e2r marj\u0131 daralmas\u0131 ve da\u011f\u0131t\u0131k i\u015f kolundaki elektrik fiyatlar\u0131 ile do\u011falgaz fiyat\u0131 aras\u0131ndaki marj\u0131n daralmas\u0131 etkili olmu\u015ftur.<br><br>\r\n\r\nMenkul de\u011ferler ve varl\u0131k y\u00f6netimi alan\u0131nda f\u0131rsatlar\u0131 etkin bir \u015fekilde de\u011ferlendiriyoruz. Menkul de\u011ferler ve varl\u0131k y\u00f6netimi i\u015f kolunda 2023 y\u0131l\u0131nda gelirlerimizi y\u0131ll\u0131k bazda %9 oran\u0131nda art\u0131r\u0131rken y\u0131ll\u0131k FAV\u00d6K 498,1 milyon TL olarak ger\u00e7ekle\u015fti.<br><br>\r\n\r\nMadencilik ve gayrimenkul i\u015f kollar\u0131nda ise g\u00fc\u00e7l\u00fc geli\u015fimimizi s\u00fcrd\u00fcrerek portf\u00f6y \u00e7e\u015fitlili\u011fimizi geni\u015fletmi\u015f bulunuyoruz. Stratejik vizyonumuz do\u011frultusunda, portf\u00f6y\u00fcm\u00fcze yeni limanlar eklemeyi ve bu limanlar\u0131 s\u00fcrd\u00fcr\u00fclebilirlik politikalar\u0131m\u0131za uygun bir \u015fekilde i\u015fletmeyi hedefliyoruz.<br><br>\r\n\r\nGelecek d\u00f6nemde de s\u00fcrd\u00fcr\u00fclebilir i\u015f modellerini benimseyerek, t\u00fcm payda\u015flar\u0131m\u0131za de\u011fer yaratmaya devam edece\u011fiz.<\/p>\n                <\/div>\n            <\/div>\n        <\/div>\n    <\/section>\n    <!-- Img-Text-Text -->\n\n<\/div>","protected":false},"excerpt":{"rendered":"","protected":false},"author":1,"featured_media":0,"parent":1310,"menu_order":0,"comment_status":"closed","ping_status":"closed","template":"pages\/sustainability-detail-temp.php","meta":{"_acf_changed":false,"footnotes":""},"class_list":["post-1334","page","type-page","status-publish","hentry"],"acf":[],"yoast_head":"<!-- This site is optimized with the Yoast SEO plugin v26.5 - https:\/\/yoast.com\/wordpress\/plugins\/seo\/ -->\n<title>Y\u00f6netim De\u011ferlendirmesi ve Analizi - Global Yat\u0131r\u0131m Holding<\/title>\n<meta name=\"robots\" content=\"index, follow, max-snippet:-1, max-image-preview:large, max-video-preview:-1\" \/>\n<link rel=\"canonical\" href=\"https:\/\/globalyatirim.com.tr\/tr\/surdurulebilirlik\/yonetim-degerlendirmesi-ve-analizi\/\" \/>\n<meta property=\"og:locale\" content=\"tr_TR\" \/>\n<meta property=\"og:type\" content=\"article\" \/>\n<meta property=\"og:title\" content=\"Y\u00f6netim De\u011ferlendirmesi ve Analizi - Global Yat\u0131r\u0131m Holding\" \/>\n<meta property=\"og:url\" content=\"https:\/\/globalyatirim.com.tr\/tr\/surdurulebilirlik\/yonetim-degerlendirmesi-ve-analizi\/\" \/>\n<meta property=\"og:site_name\" content=\"Global Yat\u0131r\u0131m Holding\" \/>\n<meta property=\"article:publisher\" content=\"https:\/\/www.facebook.com\/GLYHOIR\" \/>\n<meta property=\"article:modified_time\" content=\"2025-01-15T08:09:15+00:00\" \/>\n<meta name=\"twitter:card\" content=\"summary_large_image\" \/>\n<meta name=\"twitter:site\" content=\"@GLYHOIR\" \/>\n<script type=\"application\/ld+json\" class=\"yoast-schema-graph\">{\"@context\":\"https:\/\/schema.org\",\"@graph\":[{\"@type\":\"WebPage\",\"@id\":\"https:\/\/globalyatirim.com.tr\/tr\/surdurulebilirlik\/yonetim-degerlendirmesi-ve-analizi\/\",\"url\":\"https:\/\/globalyatirim.com.tr\/tr\/surdurulebilirlik\/yonetim-degerlendirmesi-ve-analizi\/\",\"name\":\"Y\u00f6netim De\u011ferlendirmesi ve Analizi - Global Yat\u0131r\u0131m Holding\",\"isPartOf\":{\"@id\":\"https:\/\/globalyatirim.com.tr\/tr\/#website\"},\"datePublished\":\"2024-05-09T07:48:11+00:00\",\"dateModified\":\"2025-01-15T08:09:15+00:00\",\"breadcrumb\":{\"@id\":\"https:\/\/globalyatirim.com.tr\/tr\/surdurulebilirlik\/yonetim-degerlendirmesi-ve-analizi\/#breadcrumb\"},\"inLanguage\":\"tr\",\"potentialAction\":[{\"@type\":\"ReadAction\",\"target\":[\"https:\/\/globalyatirim.com.tr\/tr\/surdurulebilirlik\/yonetim-degerlendirmesi-ve-analizi\/\"]}]},{\"@type\":\"BreadcrumbList\",\"@id\":\"https:\/\/globalyatirim.com.tr\/tr\/surdurulebilirlik\/yonetim-degerlendirmesi-ve-analizi\/#breadcrumb\",\"itemListElement\":[{\"@type\":\"ListItem\",\"position\":1,\"name\":\"Home\",\"item\":\"https:\/\/globalyatirim.com.tr\/tr\/\"},{\"@type\":\"ListItem\",\"position\":2,\"name\":\"S\u00fcrd\u00fcr\u00fclebilirlik\",\"item\":\"https:\/\/globalyatirim.com.tr\/tr\/surdurulebilirlik\/\"},{\"@type\":\"ListItem\",\"position\":3,\"name\":\"Y\u00f6netim De\u011ferlendirmesi ve Analizi\"}]},{\"@type\":\"WebSite\",\"@id\":\"https:\/\/globalyatirim.com.tr\/tr\/#website\",\"url\":\"https:\/\/globalyatirim.com.tr\/tr\/\",\"name\":\"Globalyat\u0131r\u0131m Holding\",\"description\":\"\",\"publisher\":{\"@id\":\"https:\/\/globalyatirim.com.tr\/tr\/#organization\"},\"potentialAction\":[{\"@type\":\"SearchAction\",\"target\":{\"@type\":\"EntryPoint\",\"urlTemplate\":\"https:\/\/globalyatirim.com.tr\/tr\/?s={search_term_string}\"},\"query-input\":{\"@type\":\"PropertyValueSpecification\",\"valueRequired\":true,\"valueName\":\"search_term_string\"}}],\"inLanguage\":\"tr\"},{\"@type\":\"Organization\",\"@id\":\"https:\/\/globalyatirim.com.tr\/tr\/#organization\",\"name\":\"Globalyat\u0131r\u0131m Holding\",\"url\":\"https:\/\/globalyatirim.com.tr\/tr\/\",\"logo\":{\"@type\":\"ImageObject\",\"inLanguage\":\"tr\",\"@id\":\"https:\/\/globalyatirim.com.tr\/tr\/#\/schema\/logo\/image\/\",\"url\":\"https:\/\/globalyatirim.com.tr\/wp-content\/uploads\/2025\/12\/GYHLogo-en.svg\",\"contentUrl\":\"https:\/\/globalyatirim.com.tr\/wp-content\/uploads\/2025\/12\/GYHLogo-en.svg\",\"width\":180,\"height\":40,\"caption\":\"Globalyat\u0131r\u0131m Holding\"},\"image\":{\"@id\":\"https:\/\/globalyatirim.com.tr\/tr\/#\/schema\/logo\/image\/\"},\"sameAs\":[\"https:\/\/www.facebook.com\/GLYHOIR\",\"https:\/\/x.com\/GLYHOIR\",\"https:\/\/www.linkedin.com\/company\/glyhoir\/\",\"https:\/\/www.instagram.com\/globalyatirimholding\/\"]}]}<\/script>\n<!-- \/ Yoast SEO plugin. -->","yoast_head_json":{"title":"Y\u00f6netim De\u011ferlendirmesi ve Analizi - Global Yat\u0131r\u0131m Holding","robots":{"index":"index","follow":"follow","max-snippet":"max-snippet:-1","max-image-preview":"max-image-preview:large","max-video-preview":"max-video-preview:-1"},"canonical":"https:\/\/globalyatirim.com.tr\/tr\/surdurulebilirlik\/yonetim-degerlendirmesi-ve-analizi\/","og_locale":"tr_TR","og_type":"article","og_title":"Y\u00f6netim De\u011ferlendirmesi ve Analizi - Global Yat\u0131r\u0131m Holding","og_url":"https:\/\/globalyatirim.com.tr\/tr\/surdurulebilirlik\/yonetim-degerlendirmesi-ve-analizi\/","og_site_name":"Global Yat\u0131r\u0131m Holding","article_publisher":"https:\/\/www.facebook.com\/GLYHOIR","article_modified_time":"2025-01-15T08:09:15+00:00","twitter_card":"summary_large_image","twitter_site":"@GLYHOIR","schema":{"@context":"https:\/\/schema.org","@graph":[{"@type":"WebPage","@id":"https:\/\/globalyatirim.com.tr\/tr\/surdurulebilirlik\/yonetim-degerlendirmesi-ve-analizi\/","url":"https:\/\/globalyatirim.com.tr\/tr\/surdurulebilirlik\/yonetim-degerlendirmesi-ve-analizi\/","name":"Y\u00f6netim De\u011ferlendirmesi ve Analizi - Global Yat\u0131r\u0131m Holding","isPartOf":{"@id":"https:\/\/globalyatirim.com.tr\/tr\/#website"},"datePublished":"2024-05-09T07:48:11+00:00","dateModified":"2025-01-15T08:09:15+00:00","breadcrumb":{"@id":"https:\/\/globalyatirim.com.tr\/tr\/surdurulebilirlik\/yonetim-degerlendirmesi-ve-analizi\/#breadcrumb"},"inLanguage":"tr","potentialAction":[{"@type":"ReadAction","target":["https:\/\/globalyatirim.com.tr\/tr\/surdurulebilirlik\/yonetim-degerlendirmesi-ve-analizi\/"]}]},{"@type":"BreadcrumbList","@id":"https:\/\/globalyatirim.com.tr\/tr\/surdurulebilirlik\/yonetim-degerlendirmesi-ve-analizi\/#breadcrumb","itemListElement":[{"@type":"ListItem","position":1,"name":"Home","item":"https:\/\/globalyatirim.com.tr\/tr\/"},{"@type":"ListItem","position":2,"name":"S\u00fcrd\u00fcr\u00fclebilirlik","item":"https:\/\/globalyatirim.com.tr\/tr\/surdurulebilirlik\/"},{"@type":"ListItem","position":3,"name":"Y\u00f6netim De\u011ferlendirmesi ve Analizi"}]},{"@type":"WebSite","@id":"https:\/\/globalyatirim.com.tr\/tr\/#website","url":"https:\/\/globalyatirim.com.tr\/tr\/","name":"Globalyat\u0131r\u0131m Holding","description":"","publisher":{"@id":"https:\/\/globalyatirim.com.tr\/tr\/#organization"},"potentialAction":[{"@type":"SearchAction","target":{"@type":"EntryPoint","urlTemplate":"https:\/\/globalyatirim.com.tr\/tr\/?s={search_term_string}"},"query-input":{"@type":"PropertyValueSpecification","valueRequired":true,"valueName":"search_term_string"}}],"inLanguage":"tr"},{"@type":"Organization","@id":"https:\/\/globalyatirim.com.tr\/tr\/#organization","name":"Globalyat\u0131r\u0131m Holding","url":"https:\/\/globalyatirim.com.tr\/tr\/","logo":{"@type":"ImageObject","inLanguage":"tr","@id":"https:\/\/globalyatirim.com.tr\/tr\/#\/schema\/logo\/image\/","url":"https:\/\/globalyatirim.com.tr\/wp-content\/uploads\/2025\/12\/GYHLogo-en.svg","contentUrl":"https:\/\/globalyatirim.com.tr\/wp-content\/uploads\/2025\/12\/GYHLogo-en.svg","width":180,"height":40,"caption":"Globalyat\u0131r\u0131m Holding"},"image":{"@id":"https:\/\/globalyatirim.com.tr\/tr\/#\/schema\/logo\/image\/"},"sameAs":["https:\/\/www.facebook.com\/GLYHOIR","https:\/\/x.com\/GLYHOIR","https:\/\/www.linkedin.com\/company\/glyhoir\/","https:\/\/www.instagram.com\/globalyatirimholding\/"]}]}},"_links":{"self":[{"href":"https:\/\/globalyatirim.com.tr\/tr\/wp-json\/wp\/v2\/pages\/1334","targetHints":{"allow":["GET"]}}],"collection":[{"href":"https:\/\/globalyatirim.com.tr\/tr\/wp-json\/wp\/v2\/pages"}],"about":[{"href":"https:\/\/globalyatirim.com.tr\/tr\/wp-json\/wp\/v2\/types\/page"}],"author":[{"embeddable":true,"href":"https:\/\/globalyatirim.com.tr\/tr\/wp-json\/wp\/v2\/users\/1"}],"replies":[{"embeddable":true,"href":"https:\/\/globalyatirim.com.tr\/tr\/wp-json\/wp\/v2\/comments?post=1334"}],"version-history":[{"count":18,"href":"https:\/\/globalyatirim.com.tr\/tr\/wp-json\/wp\/v2\/pages\/1334\/revisions"}],"predecessor-version":[{"id":7437,"href":"https:\/\/globalyatirim.com.tr\/tr\/wp-json\/wp\/v2\/pages\/1334\/revisions\/7437"}],"up":[{"embeddable":true,"href":"https:\/\/globalyatirim.com.tr\/tr\/wp-json\/wp\/v2\/pages\/1310"}],"wp:attachment":[{"href":"https:\/\/globalyatirim.com.tr\/tr\/wp-json\/wp\/v2\/media?parent=1334"}],"curies":[{"name":"wp","href":"https:\/\/api.w.org\/{rel}","templated":true}]}}