{"id":1354,"date":"2024-05-09T07:49:51","date_gmt":"2024-05-09T07:49:51","guid":{"rendered":"https:\/\/globalyatirim.com.tr\/sustainability\/sustainability-report\/"},"modified":"2026-03-05T02:20:10","modified_gmt":"2026-03-05T02:20:10","slug":"surdurulebilirlik-raporumuz","status":"publish","type":"page","link":"https:\/\/globalyatirim.com.tr\/tr\/surdurulebilirlik\/surdurulebilirlik-raporumuz\/","title":{"rendered":"S\u00fcrd\u00fcr\u00fclebilirlik Raporumuz"},"content":{"rendered":"\n<div id=\"tab-3\" s>\n\n    <section id=\"sustainability-reports\" class=\"position-relative\">\n        <div class=\"shared-background-holder mobile-cover mobile-center mobile-h-100 desktop-cover desktop-top-center\">\n            <img decoding=\"async\" class=\"w-100 lazyload\" data-src=\"https:\/\/globalyatirim.com.tr\/wp-content\/themes\/mbcthemes\/assets\/img\/background-world-gray.png\" alt=\"\" src=\"data:image\/svg+xml;base64,PHN2ZyB3aWR0aD0iMSIgaGVpZ2h0PSIxIiB4bWxucz0iaHR0cDovL3d3dy53My5vcmcvMjAwMC9zdmciPjwvc3ZnPg==\" style=\"--smush-placeholder-width: 1909px; --smush-placeholder-aspect-ratio: 1909\/1055;\">\n        <\/div>\n        <div class=\"container\">\n            <div class=\"top d-flex flex-column flex-xl-row justify-content-between col-xl-11 col-xxl-10 mx-auto px-0\">\n                <p class=\"title-gray col-xl-5 px-0\" data-animate-way=\"top-bottom\" data-animate=\"fade-in\" data-animated=\"false\" data-animate-delay=\"5\" data-on-animate-start=\"false\">S\u00fcrd\u00fcr\u00fclebilirlik Raporumuz<\/p>\n                <p class=\"desc-gray col-xl-5 px-0\" data-animate-way=\"top-bottom\" data-animate=\"fade-in\" data-animated=\"false\" data-animate-delay=\"6\" data-on-animate-start=\"false\"><\/p>\n            <\/div>\n            <div class=\"bottom d-flex flex-column justify-content-between col-xl-11 col-xxl-10 mx-auto px-0\">\n\n                \n                        <div class=\"download-item d-flex flex-row justify-content-between\">\n                            <p class=\"desc-black\" data-animate-way=\"top-bottom\" data-animate=\"fade-in\" data-animated=\"false\" data-animate-delay=\"9\" data-on-animate-start=\"false\">2025 S\u00fcrd\u00fcr\u00fclebilirlik Uyum Raporu<\/p>\n                            <a href=\"https:\/\/globalyatirim.com.tr\/wp-content\/uploads\/2026\/03\/surdurulebilirlik-uyum-raporu-2025-tr.pdf\" target=\"_blank\" class=\"d-flex justify-content-between align-items-start align-items-lg-center flex-column flex-lg-row\">\n                                <!--<p class=\"date mb-0\" data-animate-way=\"top-bottom\" data-animate=\"fade-in\" data-animated=\"false\" data-animate-delay=\"10\" data-on-animate-start=\"false\">2025<\/p>-->\n                                <div class=\"white-btn animation-btn\">   \n                                       <p>\u0130ND\u0130R                                    <\/p><img decoding=\"async\" data-src=\"https:\/\/globalyatirim.com.tr\/wp-content\/themes\/mbcthemes\/assets\/img\/icons\/download.svg\" alt=\"\" src=\"data:image\/svg+xml;base64,PHN2ZyB3aWR0aD0iMSIgaGVpZ2h0PSIxIiB4bWxucz0iaHR0cDovL3d3dy53My5vcmcvMjAwMC9zdmciPjwvc3ZnPg==\" class=\"lazyload\">\n                                <\/div>\n                            <\/a>\n                        <\/div>\n\n                \n                        <div class=\"download-item d-flex flex-row justify-content-between\">\n                            <p class=\"desc-black\" data-animate-way=\"top-bottom\" data-animate=\"fade-in\" data-animated=\"false\" data-animate-delay=\"9\" data-on-animate-start=\"false\">2024 S\u00fcrd\u00fcr\u00fclebilirlik Raporu<\/p>\n                            <a href=\"https:\/\/globalyatirim.com.tr\/wp-content\/uploads\/2025\/11\/Global_2024-Surdurulebilirlik-Raporu.pdf\" target=\"_blank\" class=\"d-flex justify-content-between align-items-start align-items-lg-center flex-column flex-lg-row\">\n                                <!--<p class=\"date mb-0\" data-animate-way=\"top-bottom\" data-animate=\"fade-in\" data-animated=\"false\" data-animate-delay=\"10\" data-on-animate-start=\"false\">2024<\/p>-->\n                                <div class=\"white-btn animation-btn\">   \n                                       <p>\u0130ND\u0130R                                    <\/p><img decoding=\"async\" data-src=\"https:\/\/globalyatirim.com.tr\/wp-content\/themes\/mbcthemes\/assets\/img\/icons\/download.svg\" alt=\"\" src=\"data:image\/svg+xml;base64,PHN2ZyB3aWR0aD0iMSIgaGVpZ2h0PSIxIiB4bWxucz0iaHR0cDovL3d3dy53My5vcmcvMjAwMC9zdmciPjwvc3ZnPg==\" class=\"lazyload\">\n                                <\/div>\n                            <\/a>\n                        <\/div>\n\n                \n                        <div class=\"download-item d-flex flex-row justify-content-between\">\n                            <p class=\"desc-black\" data-animate-way=\"top-bottom\" data-animate=\"fade-in\" data-animated=\"false\" data-animate-delay=\"9\" data-on-animate-start=\"false\">2024 TSRS Uyumlu S\u00fcrd\u00fcr\u00fclebilirlik Raporu<\/p>\n                            <a href=\"https:\/\/globalyatirim.com.tr\/wp-content\/uploads\/2025\/10\/Global-Yatirim-Holding_2024_TSRS-Raporu.pdf\" target=\"_blank\" class=\"d-flex justify-content-between align-items-start align-items-lg-center flex-column flex-lg-row\">\n                                <!--<p class=\"date mb-0\" data-animate-way=\"top-bottom\" data-animate=\"fade-in\" data-animated=\"false\" data-animate-delay=\"10\" data-on-animate-start=\"false\">2024<\/p>-->\n                                <div class=\"white-btn animation-btn\">   \n                                       <p>\u0130ND\u0130R                                    <\/p><img decoding=\"async\" data-src=\"https:\/\/globalyatirim.com.tr\/wp-content\/themes\/mbcthemes\/assets\/img\/icons\/download.svg\" alt=\"\" src=\"data:image\/svg+xml;base64,PHN2ZyB3aWR0aD0iMSIgaGVpZ2h0PSIxIiB4bWxucz0iaHR0cDovL3d3dy53My5vcmcvMjAwMC9zdmciPjwvc3ZnPg==\" class=\"lazyload\">\n                                <\/div>\n                            <\/a>\n                        <\/div>\n\n                \n                        <div class=\"download-item d-flex flex-row justify-content-between\">\n                            <p class=\"desc-black\" data-animate-way=\"top-bottom\" data-animate=\"fade-in\" data-animated=\"false\" data-animate-delay=\"9\" data-on-animate-start=\"false\">2023 S\u00fcrd\u00fcr\u00fclebilirlik Raporu<\/p>\n                            <a href=\"https:\/\/globalyatirim.com.tr\/wp-content\/uploads\/docs\/GYH-SRD_2023.pdf\" target=\"_blank\" class=\"d-flex justify-content-between align-items-start align-items-lg-center flex-column flex-lg-row\">\n                                <!--<p class=\"date mb-0\" data-animate-way=\"top-bottom\" data-animate=\"fade-in\" data-animated=\"false\" data-animate-delay=\"10\" data-on-animate-start=\"false\">2023<\/p>-->\n                                <div class=\"white-btn animation-btn\">   \n                                       <p>\u0130ND\u0130R                                    <\/p><img decoding=\"async\" data-src=\"https:\/\/globalyatirim.com.tr\/wp-content\/themes\/mbcthemes\/assets\/img\/icons\/download.svg\" alt=\"\" src=\"data:image\/svg+xml;base64,PHN2ZyB3aWR0aD0iMSIgaGVpZ2h0PSIxIiB4bWxucz0iaHR0cDovL3d3dy53My5vcmcvMjAwMC9zdmciPjwvc3ZnPg==\" class=\"lazyload\">\n                                <\/div>\n                            <\/a>\n                        <\/div>\n\n                \n                        <div class=\"download-item d-flex flex-row justify-content-between\">\n                            <p class=\"desc-black\" data-animate-way=\"top-bottom\" data-animate=\"fade-in\" data-animated=\"false\" data-animate-delay=\"9\" data-on-animate-start=\"false\">S\u00fcrd\u00fcr\u00fclebilirlik Metrikleri<\/p>\n                            <a href=\"https:\/\/globalyatirim.com.tr\/wp-content\/uploads\/docs\/Surdurulebilirlik_Metrikleri.pdf\" target=\"_blank\" class=\"d-flex justify-content-between align-items-start align-items-lg-center flex-column flex-lg-row\">\n                                <!--<p class=\"date mb-0\" data-animate-way=\"top-bottom\" data-animate=\"fade-in\" data-animated=\"false\" data-animate-delay=\"10\" data-on-animate-start=\"false\">2022<\/p>-->\n                                <div class=\"white-btn animation-btn\">   \n                                       <p>\u0130ND\u0130R                                    <\/p><img decoding=\"async\" data-src=\"https:\/\/globalyatirim.com.tr\/wp-content\/themes\/mbcthemes\/assets\/img\/icons\/download.svg\" alt=\"\" src=\"data:image\/svg+xml;base64,PHN2ZyB3aWR0aD0iMSIgaGVpZ2h0PSIxIiB4bWxucz0iaHR0cDovL3d3dy53My5vcmcvMjAwMC9zdmciPjwvc3ZnPg==\" class=\"lazyload\">\n                                <\/div>\n                            <\/a>\n                        <\/div>\n\n                \n                        <div class=\"download-item d-flex flex-row justify-content-between\">\n                            <p class=\"desc-black\" data-animate-way=\"top-bottom\" data-animate=\"fade-in\" data-animated=\"false\" data-animate-delay=\"9\" data-on-animate-start=\"false\">2021 S\u00fcrd\u00fcr\u00fclebilirlik Raporu<\/p>\n                            <a href=\"https:\/\/globalyatirim.com.tr\/wp-content\/uploads\/docs\/GYH_SRDT_2021_UYG_uyg_21.pdf\" target=\"_blank\" class=\"d-flex justify-content-between align-items-start align-items-lg-center flex-column flex-lg-row\">\n                                <!--<p class=\"date mb-0\" data-animate-way=\"top-bottom\" data-animate=\"fade-in\" data-animated=\"false\" data-animate-delay=\"10\" data-on-animate-start=\"false\">2021<\/p>-->\n                                <div class=\"white-btn animation-btn\">   \n                                       <p>\u0130ND\u0130R                                    <\/p><img decoding=\"async\" data-src=\"https:\/\/globalyatirim.com.tr\/wp-content\/themes\/mbcthemes\/assets\/img\/icons\/download.svg\" alt=\"\" src=\"data:image\/svg+xml;base64,PHN2ZyB3aWR0aD0iMSIgaGVpZ2h0PSIxIiB4bWxucz0iaHR0cDovL3d3dy53My5vcmcvMjAwMC9zdmciPjwvc3ZnPg==\" class=\"lazyload\">\n                                <\/div>\n                            <\/a>\n                        <\/div>\n\n                \n                        <div class=\"download-item d-flex flex-row justify-content-between\">\n                            <p class=\"desc-black\" data-animate-way=\"top-bottom\" data-animate=\"fade-in\" data-animated=\"false\" data-animate-delay=\"9\" data-on-animate-start=\"false\">2018 S\u00fcrd\u00fcr\u00fclebilirlik Raporu<\/p>\n                            <a href=\"https:\/\/globalyatirim.com.tr\/wp-content\/uploads\/docs\/GYH_surdurulebilirlik_raporu_2018.pdf\" target=\"_blank\" class=\"d-flex justify-content-between align-items-start align-items-lg-center flex-column flex-lg-row\">\n                                <!--<p class=\"date mb-0\" data-animate-way=\"top-bottom\" data-animate=\"fade-in\" data-animated=\"false\" data-animate-delay=\"10\" data-on-animate-start=\"false\">2018<\/p>-->\n                                <div class=\"white-btn animation-btn\">   \n                                       <p>\u0130ND\u0130R                                    <\/p><img decoding=\"async\" data-src=\"https:\/\/globalyatirim.com.tr\/wp-content\/themes\/mbcthemes\/assets\/img\/icons\/download.svg\" alt=\"\" src=\"data:image\/svg+xml;base64,PHN2ZyB3aWR0aD0iMSIgaGVpZ2h0PSIxIiB4bWxucz0iaHR0cDovL3d3dy53My5vcmcvMjAwMC9zdmciPjwvc3ZnPg==\" class=\"lazyload\">\n                                <\/div>\n                            <\/a>\n                        <\/div>\n\n                \n                        <div class=\"download-item d-flex flex-row justify-content-between\">\n                            <p class=\"desc-black\" data-animate-way=\"top-bottom\" data-animate=\"fade-in\" data-animated=\"false\" data-animate-delay=\"9\" data-on-animate-start=\"false\">2017 S\u00fcrd\u00fcr\u00fclebilirlik Raporu<\/p>\n                            <a href=\"https:\/\/globalyatirim.com.tr\/wp-content\/uploads\/docs\/GYH_surdurulebilirlik_raporu_2017.pdf\" target=\"_blank\" class=\"d-flex justify-content-between align-items-start align-items-lg-center flex-column flex-lg-row\">\n                                <!--<p class=\"date mb-0\" data-animate-way=\"top-bottom\" data-animate=\"fade-in\" data-animated=\"false\" data-animate-delay=\"10\" data-on-animate-start=\"false\">2017<\/p>-->\n                                <div class=\"white-btn animation-btn\">   \n                                       <p>\u0130ND\u0130R                                    <\/p><img decoding=\"async\" data-src=\"https:\/\/globalyatirim.com.tr\/wp-content\/themes\/mbcthemes\/assets\/img\/icons\/download.svg\" alt=\"\" src=\"data:image\/svg+xml;base64,PHN2ZyB3aWR0aD0iMSIgaGVpZ2h0PSIxIiB4bWxucz0iaHR0cDovL3d3dy53My5vcmcvMjAwMC9zdmciPjwvc3ZnPg==\" class=\"lazyload\">\n                                <\/div>\n                            <\/a>\n                        <\/div>\n\n                \n            <\/div>\n        <\/div>\n    <\/section>\n\n<\/div>","protected":false},"excerpt":{"rendered":"","protected":false},"author":1,"featured_media":0,"parent":1310,"menu_order":0,"comment_status":"closed","ping_status":"closed","template":"pages\/sustainability-detail-temp.php","meta":{"_acf_changed":false,"footnotes":""},"class_list":["post-1354","page","type-page","status-publish","hentry"],"acf":[],"yoast_head":"<!-- This site is optimized with the Yoast SEO plugin v26.5 - https:\/\/yoast.com\/wordpress\/plugins\/seo\/ -->\n<title>S\u00fcrd\u00fcr\u00fclebilirlik Raporumuz - Global Yat\u0131r\u0131m Holding<\/title>\n<meta name=\"robots\" content=\"index, follow, max-snippet:-1, max-image-preview:large, max-video-preview:-1\" \/>\n<link rel=\"canonical\" href=\"https:\/\/globalyatirim.com.tr\/tr\/surdurulebilirlik\/surdurulebilirlik-raporumuz\/\" \/>\n<meta property=\"og:locale\" content=\"tr_TR\" \/>\n<meta property=\"og:type\" content=\"article\" \/>\n<meta property=\"og:title\" content=\"S\u00fcrd\u00fcr\u00fclebilirlik Raporumuz - Global Yat\u0131r\u0131m Holding\" \/>\n<meta property=\"og:url\" content=\"https:\/\/globalyatirim.com.tr\/tr\/surdurulebilirlik\/surdurulebilirlik-raporumuz\/\" \/>\n<meta property=\"og:site_name\" content=\"Global Yat\u0131r\u0131m Holding\" \/>\n<meta property=\"article:publisher\" content=\"https:\/\/www.facebook.com\/GLYHOIR\" \/>\n<meta property=\"article:modified_time\" content=\"2026-03-05T02:20:10+00:00\" \/>\n<meta name=\"twitter:card\" content=\"summary_large_image\" \/>\n<meta name=\"twitter:site\" content=\"@GLYHOIR\" \/>\n<script type=\"application\/ld+json\" class=\"yoast-schema-graph\">{\"@context\":\"https:\/\/schema.org\",\"@graph\":[{\"@type\":\"WebPage\",\"@id\":\"https:\/\/globalyatirim.com.tr\/tr\/surdurulebilirlik\/surdurulebilirlik-raporumuz\/\",\"url\":\"https:\/\/globalyatirim.com.tr\/tr\/surdurulebilirlik\/surdurulebilirlik-raporumuz\/\",\"name\":\"S\u00fcrd\u00fcr\u00fclebilirlik Raporumuz - Global Yat\u0131r\u0131m Holding\",\"isPartOf\":{\"@id\":\"https:\/\/globalyatirim.com.tr\/tr\/#website\"},\"datePublished\":\"2024-05-09T07:49:51+00:00\",\"dateModified\":\"2026-03-05T02:20:10+00:00\",\"breadcrumb\":{\"@id\":\"https:\/\/globalyatirim.com.tr\/tr\/surdurulebilirlik\/surdurulebilirlik-raporumuz\/#breadcrumb\"},\"inLanguage\":\"tr\",\"potentialAction\":[{\"@type\":\"ReadAction\",\"target\":[\"https:\/\/globalyatirim.com.tr\/tr\/surdurulebilirlik\/surdurulebilirlik-raporumuz\/\"]}]},{\"@type\":\"BreadcrumbList\",\"@id\":\"https:\/\/globalyatirim.com.tr\/tr\/surdurulebilirlik\/surdurulebilirlik-raporumuz\/#breadcrumb\",\"itemListElement\":[{\"@type\":\"ListItem\",\"position\":1,\"name\":\"Home\",\"item\":\"https:\/\/globalyatirim.com.tr\/tr\/\"},{\"@type\":\"ListItem\",\"position\":2,\"name\":\"S\u00fcrd\u00fcr\u00fclebilirlik\",\"item\":\"https:\/\/globalyatirim.com.tr\/tr\/surdurulebilirlik\/\"},{\"@type\":\"ListItem\",\"position\":3,\"name\":\"S\u00fcrd\u00fcr\u00fclebilirlik Raporumuz\"}]},{\"@type\":\"WebSite\",\"@id\":\"https:\/\/globalyatirim.com.tr\/tr\/#website\",\"url\":\"https:\/\/globalyatirim.com.tr\/tr\/\",\"name\":\"Globalyat\u0131r\u0131m Holding\",\"description\":\"\",\"publisher\":{\"@id\":\"https:\/\/globalyatirim.com.tr\/tr\/#organization\"},\"potentialAction\":[{\"@type\":\"SearchAction\",\"target\":{\"@type\":\"EntryPoint\",\"urlTemplate\":\"https:\/\/globalyatirim.com.tr\/tr\/?s={search_term_string}\"},\"query-input\":{\"@type\":\"PropertyValueSpecification\",\"valueRequired\":true,\"valueName\":\"search_term_string\"}}],\"inLanguage\":\"tr\"},{\"@type\":\"Organization\",\"@id\":\"https:\/\/globalyatirim.com.tr\/tr\/#organization\",\"name\":\"Globalyat\u0131r\u0131m Holding\",\"url\":\"https:\/\/globalyatirim.com.tr\/tr\/\",\"logo\":{\"@type\":\"ImageObject\",\"inLanguage\":\"tr\",\"@id\":\"https:\/\/globalyatirim.com.tr\/tr\/#\/schema\/logo\/image\/\",\"url\":\"https:\/\/globalyatirim.com.tr\/wp-content\/uploads\/2025\/12\/GYHLogo-en.svg\",\"contentUrl\":\"https:\/\/globalyatirim.com.tr\/wp-content\/uploads\/2025\/12\/GYHLogo-en.svg\",\"width\":180,\"height\":40,\"caption\":\"Globalyat\u0131r\u0131m Holding\"},\"image\":{\"@id\":\"https:\/\/globalyatirim.com.tr\/tr\/#\/schema\/logo\/image\/\"},\"sameAs\":[\"https:\/\/www.facebook.com\/GLYHOIR\",\"https:\/\/x.com\/GLYHOIR\",\"https:\/\/www.linkedin.com\/company\/glyhoir\/\",\"https:\/\/www.instagram.com\/globalyatirimholding\/\"]}]}<\/script>\n<!-- \/ Yoast SEO plugin. -->","yoast_head_json":{"title":"S\u00fcrd\u00fcr\u00fclebilirlik Raporumuz - Global Yat\u0131r\u0131m Holding","robots":{"index":"index","follow":"follow","max-snippet":"max-snippet:-1","max-image-preview":"max-image-preview:large","max-video-preview":"max-video-preview:-1"},"canonical":"https:\/\/globalyatirim.com.tr\/tr\/surdurulebilirlik\/surdurulebilirlik-raporumuz\/","og_locale":"tr_TR","og_type":"article","og_title":"S\u00fcrd\u00fcr\u00fclebilirlik Raporumuz - Global Yat\u0131r\u0131m Holding","og_url":"https:\/\/globalyatirim.com.tr\/tr\/surdurulebilirlik\/surdurulebilirlik-raporumuz\/","og_site_name":"Global Yat\u0131r\u0131m Holding","article_publisher":"https:\/\/www.facebook.com\/GLYHOIR","article_modified_time":"2026-03-05T02:20:10+00:00","twitter_card":"summary_large_image","twitter_site":"@GLYHOIR","schema":{"@context":"https:\/\/schema.org","@graph":[{"@type":"WebPage","@id":"https:\/\/globalyatirim.com.tr\/tr\/surdurulebilirlik\/surdurulebilirlik-raporumuz\/","url":"https:\/\/globalyatirim.com.tr\/tr\/surdurulebilirlik\/surdurulebilirlik-raporumuz\/","name":"S\u00fcrd\u00fcr\u00fclebilirlik Raporumuz - Global Yat\u0131r\u0131m Holding","isPartOf":{"@id":"https:\/\/globalyatirim.com.tr\/tr\/#website"},"datePublished":"2024-05-09T07:49:51+00:00","dateModified":"2026-03-05T02:20:10+00:00","breadcrumb":{"@id":"https:\/\/globalyatirim.com.tr\/tr\/surdurulebilirlik\/surdurulebilirlik-raporumuz\/#breadcrumb"},"inLanguage":"tr","potentialAction":[{"@type":"ReadAction","target":["https:\/\/globalyatirim.com.tr\/tr\/surdurulebilirlik\/surdurulebilirlik-raporumuz\/"]}]},{"@type":"BreadcrumbList","@id":"https:\/\/globalyatirim.com.tr\/tr\/surdurulebilirlik\/surdurulebilirlik-raporumuz\/#breadcrumb","itemListElement":[{"@type":"ListItem","position":1,"name":"Home","item":"https:\/\/globalyatirim.com.tr\/tr\/"},{"@type":"ListItem","position":2,"name":"S\u00fcrd\u00fcr\u00fclebilirlik","item":"https:\/\/globalyatirim.com.tr\/tr\/surdurulebilirlik\/"},{"@type":"ListItem","position":3,"name":"S\u00fcrd\u00fcr\u00fclebilirlik Raporumuz"}]},{"@type":"WebSite","@id":"https:\/\/globalyatirim.com.tr\/tr\/#website","url":"https:\/\/globalyatirim.com.tr\/tr\/","name":"Globalyat\u0131r\u0131m Holding","description":"","publisher":{"@id":"https:\/\/globalyatirim.com.tr\/tr\/#organization"},"potentialAction":[{"@type":"SearchAction","target":{"@type":"EntryPoint","urlTemplate":"https:\/\/globalyatirim.com.tr\/tr\/?s={search_term_string}"},"query-input":{"@type":"PropertyValueSpecification","valueRequired":true,"valueName":"search_term_string"}}],"inLanguage":"tr"},{"@type":"Organization","@id":"https:\/\/globalyatirim.com.tr\/tr\/#organization","name":"Globalyat\u0131r\u0131m Holding","url":"https:\/\/globalyatirim.com.tr\/tr\/","logo":{"@type":"ImageObject","inLanguage":"tr","@id":"https:\/\/globalyatirim.com.tr\/tr\/#\/schema\/logo\/image\/","url":"https:\/\/globalyatirim.com.tr\/wp-content\/uploads\/2025\/12\/GYHLogo-en.svg","contentUrl":"https:\/\/globalyatirim.com.tr\/wp-content\/uploads\/2025\/12\/GYHLogo-en.svg","width":180,"height":40,"caption":"Globalyat\u0131r\u0131m Holding"},"image":{"@id":"https:\/\/globalyatirim.com.tr\/tr\/#\/schema\/logo\/image\/"},"sameAs":["https:\/\/www.facebook.com\/GLYHOIR","https:\/\/x.com\/GLYHOIR","https:\/\/www.linkedin.com\/company\/glyhoir\/","https:\/\/www.instagram.com\/globalyatirimholding\/"]}]}},"_links":{"self":[{"href":"https:\/\/globalyatirim.com.tr\/tr\/wp-json\/wp\/v2\/pages\/1354","targetHints":{"allow":["GET"]}}],"collection":[{"href":"https:\/\/globalyatirim.com.tr\/tr\/wp-json\/wp\/v2\/pages"}],"about":[{"href":"https:\/\/globalyatirim.com.tr\/tr\/wp-json\/wp\/v2\/types\/page"}],"author":[{"embeddable":true,"href":"https:\/\/globalyatirim.com.tr\/tr\/wp-json\/wp\/v2\/users\/1"}],"replies":[{"embeddable":true,"href":"https:\/\/globalyatirim.com.tr\/tr\/wp-json\/wp\/v2\/comments?post=1354"}],"version-history":[{"count":24,"href":"https:\/\/globalyatirim.com.tr\/tr\/wp-json\/wp\/v2\/pages\/1354\/revisions"}],"predecessor-version":[{"id":8604,"href":"https:\/\/globalyatirim.com.tr\/tr\/wp-json\/wp\/v2\/pages\/1354\/revisions\/8604"}],"up":[{"embeddable":true,"href":"https:\/\/globalyatirim.com.tr\/tr\/wp-json\/wp\/v2\/pages\/1310"}],"wp:attachment":[{"href":"https:\/\/globalyatirim.com.tr\/tr\/wp-json\/wp\/v2\/media?parent=1354"}],"curies":[{"name":"wp","href":"https:\/\/api.w.org\/{rel}","templated":true}]}}