{"id":1393,"date":"2024-05-09T07:50:25","date_gmt":"2024-05-09T07:50:25","guid":{"rendered":"https:\/\/globalyatirim.com.tr\/sustainability\/sustainability-approach\/"},"modified":"2025-01-15T08:10:04","modified_gmt":"2025-01-15T08:10:04","slug":"surdurulebilirlik-politikamiz","status":"publish","type":"page","link":"https:\/\/globalyatirim.com.tr\/tr\/surdurulebilirlik\/surdurulebilirlik-politikamiz\/","title":{"rendered":"S\u00fcrd\u00fcr\u00fclebilirlik Politikam\u0131z"},"content":{"rendered":"\n\n<div id=\"tab-4\">\n            <section id=\"sustainability-approach\">\n            <div class=\"shared-background-holder mobile-cover mobile-center mobile-h-100 desktop-cover desktop-top-center\">\n                <img decoding=\"async\" class=\"w-100 lazyload\" data-src=\"https:\/\/globalyatirim.com.tr\/wp-content\/themes\/mbcthemes\/assets\/img\/background-world-gray.png\" alt=\"\" src=\"data:image\/svg+xml;base64,PHN2ZyB3aWR0aD0iMSIgaGVpZ2h0PSIxIiB4bWxucz0iaHR0cDovL3d3dy53My5vcmcvMjAwMC9zdmciPjwvc3ZnPg==\" style=\"--smush-placeholder-width: 1909px; --smush-placeholder-aspect-ratio: 1909\/1055;\">\n            <\/div>\n            <div class=\"container\">\n                <div class=\"top d-flex flex-column-reverse flex-lg-row justify-content-between col-xl-11 col-xxl-10 px-0 mx-auto\">\n                    <div class=\"left d-flex position-relative\">\n                        <div class=\"d-flex flex-column align-items-start\">\n                            <p class=\"desc-big-black d-none d-lg-flex\" data-animate-way=\"top-bottom\" data-animate=\"fade-in\" data-animated=\"false\" data-animate-delay=\"6\" data-on-animate-start=\"false\">\n                                S\u00fcrd\u00fcr\u00fclebilirlik Politikam\u0131z<\/p>\n                            <p class=\"desc-gray\" data-animate-way=\"top-bottom\" data-animate=\"fade-in\" data-animated=\"false\" data-animate-delay=\"7\" data-on-animate-start=\"false\">\n                                Global Yat\u0131r\u0131m Holding; faaliyet g\u00f6sterilen b\u00f6lgelerde, insanlara ve \u00e7evreye sayg\u0131 prensiplerine, \u00e7e\u015fitlilik ve f\u0131rsat e\u015fitli\u011fi uygulamalar\u0131na ba\u011fl\u0131 kalarak topluma fayda sa\u011flama amac\u0131n\u0131 \u00f6n planda tutmaktad\u0131r. \u015eirket, faaliyetlerin etik ve etkili bir \u015fekilde y\u00f6netilmesi, payda\u015flara hesap verebilirli\u011fin sa\u011flanmas\u0131 ve s\u00fcrd\u00fcr\u00fclebilir ba\u015far\u0131n\u0131n te\u015fvik edilmesi i\u00e7in y\u00f6neti\u015fim ve \u015feffafl\u0131k ilkelerinin \u0131\u015f\u0131\u011f\u0131nda \u00e7al\u0131\u015fmalar\u0131n\u0131 y\u00fcr\u00fctmektedir. \r\n<br><br>\r\nBu kapsamda haz\u0131rlanan S\u00fcrd\u00fcr\u00fclebilirlik Politikas\u0131\u2019n\u0131n amac\u0131 Global Yat\u0131r\u0131m Holding A.\u015e.\u2019nin s\u00fcrd\u00fcr\u00fclebilirlik konusundaki yakla\u015f\u0131m\u0131n\u0131 belirlemekte ve bu do\u011frultuda,                            <\/p>\n                        <\/div>\n                    <\/div>\n                    <div class=\"right\" data-animate-way=\"top-bottom\" data-animate=\"fade-in\" data-animated=\"false\" data-animate-delay=\"9\" data-on-animate-start=\"false\">\n                        <img decoding=\"async\" class=\"img-regular lazyload\" data-src=\"https:\/\/globalyatirim.com.tr\/wp-content\/uploads\/2024\/05\/Approach2.jpg\" alt=\"\" src=\"data:image\/svg+xml;base64,PHN2ZyB3aWR0aD0iMSIgaGVpZ2h0PSIxIiB4bWxucz0iaHR0cDovL3d3dy53My5vcmcvMjAwMC9zdmciPjwvc3ZnPg==\" style=\"--smush-placeholder-width: 750px; --smush-placeholder-aspect-ratio: 750\/515;\">\n                    <\/div>\n                <\/div>\n            <\/div>\n        <\/section>\n\n        <section id=\"development-goals\">\n            <div class=\"container\">\n                <div class=\"top flex-lg-row justify-content-between col-xl-11 col-xxl-10 px-0 mx-auto\">\n                <ul>\n<li class=\"desc-gray\">Ger\u00e7ekle\u015ftirdi\u011fimiz t\u00fcm faaliyetlerde Birle\u015fmi\u015f Milletler S\u00fcrd\u00fcr\u00fclebilir Kalk\u0131nma Ama\u00e7lar\u0131 ile uyumlu olmay\u0131,<\/li>\n<li class=\"desc-gray\">Faaliyet g\u00f6sterilen t\u00fcm co\u011frafyalarda ulusal ve uluslararas\u0131 d\u00fczenlemelere, etik ve kurumsal ilkelere uyumlu olmay\u0131,<\/li>\n<li class=\"desc-gray\">Topluma ve \u00e7evreye kar\u015f\u0131 sorumluluklar\u0131m\u0131z\u0131 y\u00f6neti\u015fim ve \u015feffafl\u0131k ilkelerine uyarak yerine getirmeyi,<\/li>\n<li class=\"desc-gray\">Yenilenebilir enerji kullan\u0131m\u0131n\u0131n art\u0131r\u0131lmas\u0131yla birlikte faaliyet g\u00f6sterdi\u011fimiz co\u011frafyalar\u0131n ye\u015fil d\u00f6n\u00fc\u015f\u00fcm\u00fcne katk\u0131 sa\u011flay\u0131p, iklim de\u011fi\u015fikli\u011fi ile m\u00fccadele i\u00e7in projeler ger\u00e7ekle\u015ftirmeyi ve karbon ayak izimizi azaltmay\u0131,<\/li>\n<li class=\"desc-gray\">T\u00fcm i\u015f s\u00fcre\u00e7lerimizde ve faaliyetlerimizde y\u00f6neti\u015fim ve \u015feffafl\u0131k ile ilgili yasal d\u00fczenlemelere tam uygunluk g\u00f6stermeyi,<\/li>\n<li class=\"desc-gray\">Faaliyetlerimiz kaynakl\u0131 biyo\u00e7e\u015fitlili\u011fe olan etkiyi en aza indirerek \u00e7evreyi korumay\u0131,<\/li>\n<li class=\"desc-gray\">\u0130\u015fe alma ve terfi s\u00fcre\u00e7lerini cinsiyet, \u0131rk, ya\u015f, din, cinsel y\u00f6nelim, engellilik durumu ve di\u011fer t\u00fcm \u00f6zelliklere dayal\u0131 ayr\u0131mc\u0131l\u0131\u011fa kar\u015f\u0131 objektif ve adil bir \u015fekilde y\u00f6netmeyi,<\/li>\n<li class=\"desc-gray\">Her t\u00fcrl\u00fc k\u00f6t\u00fc muamele, y\u0131ld\u0131rma, s\u00f6zl\u00fc, siber ve fiziksel taciz gibi insanl\u0131k d\u0131\u015f\u0131 ve onur k\u0131r\u0131c\u0131 davran\u0131\u015flara kar\u015f\u0131 s\u0131f\u0131r tolerans yakla\u015f\u0131m\u0131 vizyonu ile s\u00fcre\u00e7lerimizi y\u00f6neterek, b\u00f6yle bir durum ile kar\u015f\u0131la\u015f\u0131ld\u0131\u011f\u0131nda derhal, \u00f6zen ve titizlikle ara\u015ft\u0131rarak, s\u00fcrecin adil ve h\u0131zl\u0131 bir \u015fekilde sonu\u00e7lanmas\u0131n\u0131 sa\u011flamay\u0131,<\/li>\n<li class=\"desc-gray\">\u00c7al\u0131\u015fan memnuniyetini s\u00fcrekli olarak geli\u015ftirmeyi,<\/li>\n<li class=\"desc-gray\">K\u00e2rl\u0131l\u0131\u011f\u0131 sa\u011flamak ve finansal performans\u0131m\u0131z\u0131 art\u0131rmak amac\u0131yla t\u00fcm finansal risklerimizi belirlemeyi ve en aza indirmeyi,<\/li>\n<li class=\"desc-gray\">Ayr\u0131mc\u0131l\u0131kla m\u00fccadele konusuna \u00f6nem vererek t\u00fcm \u00e7al\u0131\u015fanlar aras\u0131nda e\u015fit, adil ve f\u0131rsat e\u015fitli\u011fini g\u00f6zeten etkin y\u00f6neti\u015fimi sa\u011flamay\u0131,<\/li>\n<li class=\"desc-gray\">Kurumsal sosyal sorumluluk alan\u0131nda ger\u00e7ekle\u015ftirilen faaliyetleri \u00e7e\u015fitlendirerek devam ettirmeyi,<\/li>\n<li class=\"desc-gray\">S\u00fcrd\u00fcr\u00fclebilirlik alan\u0131nda ger\u00e7ekle\u015ftirilen faaliyetleri ve s\u00fcre\u00e7leri d\u00fczenli g\u00f6zden ge\u00e7irerek tespit edilen potansiyel risk ve f\u0131rsatlar\u0131 payda\u015flar\u0131m\u0131zla \u015feffaf ve hesap verilebilir \u015fekilde payla\u015fmay\u0131 hedeflemektedir.<\/li>\n<\/ul>\n                <\/div>\n\n            <\/div>\n        <\/section>\n\n\n        <style>\n            #development-goals ul li{\n                list-style-type: disc;\n                padding-bottom: 10px;\n            }\n            #development-goals ul{\n                margin-bottom: 20px;\n            }\n        \n        <\/style>\n        <!--<section id=\"development-goals\">\n            <div class=\"container\">\n                <div class=\"top d-flex flex-column flex-xl-row justify-content-between col-xl-11 col-xxl-10 mx-auto px-0\">\n                    <p class=\"title-gray col-xl-5 px-0\" data-animate-way=\"top-bottom\" data-animate=\"fade-in\" data-animated=\"false\" data-animate-delay=\"5\" data-on-animate-start=\"false\"><\/p>\n                    <p class=\"desc-gray col-xl-5 px-0\" data-animate-way=\"top-bottom\" data-animate=\"fade-in\" data-animated=\"false\" data-animate-delay=\"6\" data-on-animate-start=\"false\"><\/p>\n                <\/div>\n                <div class=\"bottom accordion accordion-flush d-flex flex-column justify-content-between col-xl-11 col-xxl-10 mx-auto px-0\" id=\"accordionSecondFaq\">\n                    \n\n                <\/div>\n            <\/div>\n        <\/section>-->\n    \n            <!--<section id=\"table-accordion\">\n            <div class=\"container\">\n                <div class=\"top d-flex flex-column-reverse flex-lg-row justify-content-between col-xl-11 col-xxl-10 px-0 mx-auto\">\n                    <div class=\"left d-flex position-relative\">\n                        <div class=\"d-flex flex-column align-items-start\">\n                            <p class=\"desc-big-black d-none d-lg-flex\" data-animate-way=\"top-bottom\" data-animate=\"fade-in\" data-animated=\"false\" data-animate-delay=\"6\" data-on-animate-start=\"false\"> <\/p>\n                            <p class=\"desc-gray\" data-animate-way=\"top-bottom\" data-animate=\"fade-in\" data-animated=\"false\" data-animate-delay=\"7\" data-on-animate-start=\"false\"><\/p>\n                        <\/div>\n                    <\/div>\n                    <div class=\"right\" data-animate-way=\"top-bottom\" data-animate=\"fade-in\" data-animated=\"false\" data-animate-delay=\"9\" data-on-animate-start=\"false\">\n                        <img decoding=\"async\" loading=\"lazy\" class=\"img-regular\" src=\"\" alt=\"\">\n                    <\/div>\n                <\/div>\n                <div class=\"bottom accordion accordion-flush d-flex flex-column justify-content-between col-xl-11 col-xxl-10 mx-auto px-0\" id=\"accordionThirdFaq\">\n\n                    \n                <\/div>\n            <\/div>\n        <\/section>-->\n    <\/div>","protected":false},"excerpt":{"rendered":"","protected":false},"author":1,"featured_media":0,"parent":1310,"menu_order":0,"comment_status":"closed","ping_status":"closed","template":"pages\/sustainability-detail-temp.php","meta":{"_acf_changed":false,"footnotes":""},"class_list":["post-1393","page","type-page","status-publish","hentry"],"acf":[],"yoast_head":"<!-- This site is optimized with the Yoast SEO plugin v26.5 - https:\/\/yoast.com\/wordpress\/plugins\/seo\/ -->\n<title>S\u00fcrd\u00fcr\u00fclebilirlik Politikam\u0131z - Global Yat\u0131r\u0131m Holding<\/title>\n<meta name=\"robots\" content=\"index, follow, max-snippet:-1, max-image-preview:large, max-video-preview:-1\" \/>\n<link rel=\"canonical\" href=\"https:\/\/globalyatirim.com.tr\/tr\/surdurulebilirlik\/surdurulebilirlik-politikamiz\/\" \/>\n<meta property=\"og:locale\" content=\"tr_TR\" \/>\n<meta property=\"og:type\" content=\"article\" \/>\n<meta property=\"og:title\" content=\"S\u00fcrd\u00fcr\u00fclebilirlik Politikam\u0131z - Global Yat\u0131r\u0131m Holding\" \/>\n<meta property=\"og:url\" content=\"https:\/\/globalyatirim.com.tr\/tr\/surdurulebilirlik\/surdurulebilirlik-politikamiz\/\" \/>\n<meta property=\"og:site_name\" content=\"Global Yat\u0131r\u0131m Holding\" \/>\n<meta property=\"article:publisher\" content=\"https:\/\/www.facebook.com\/GLYHOIR\" \/>\n<meta property=\"article:modified_time\" content=\"2025-01-15T08:10:04+00:00\" \/>\n<meta name=\"twitter:card\" content=\"summary_large_image\" \/>\n<meta name=\"twitter:site\" content=\"@GLYHOIR\" \/>\n<script type=\"application\/ld+json\" class=\"yoast-schema-graph\">{\"@context\":\"https:\/\/schema.org\",\"@graph\":[{\"@type\":\"WebPage\",\"@id\":\"https:\/\/globalyatirim.com.tr\/tr\/surdurulebilirlik\/surdurulebilirlik-politikamiz\/\",\"url\":\"https:\/\/globalyatirim.com.tr\/tr\/surdurulebilirlik\/surdurulebilirlik-politikamiz\/\",\"name\":\"S\u00fcrd\u00fcr\u00fclebilirlik Politikam\u0131z - Global Yat\u0131r\u0131m Holding\",\"isPartOf\":{\"@id\":\"https:\/\/globalyatirim.com.tr\/tr\/#website\"},\"datePublished\":\"2024-05-09T07:50:25+00:00\",\"dateModified\":\"2025-01-15T08:10:04+00:00\",\"breadcrumb\":{\"@id\":\"https:\/\/globalyatirim.com.tr\/tr\/surdurulebilirlik\/surdurulebilirlik-politikamiz\/#breadcrumb\"},\"inLanguage\":\"tr\",\"potentialAction\":[{\"@type\":\"ReadAction\",\"target\":[\"https:\/\/globalyatirim.com.tr\/tr\/surdurulebilirlik\/surdurulebilirlik-politikamiz\/\"]}]},{\"@type\":\"BreadcrumbList\",\"@id\":\"https:\/\/globalyatirim.com.tr\/tr\/surdurulebilirlik\/surdurulebilirlik-politikamiz\/#breadcrumb\",\"itemListElement\":[{\"@type\":\"ListItem\",\"position\":1,\"name\":\"Home\",\"item\":\"https:\/\/globalyatirim.com.tr\/tr\/\"},{\"@type\":\"ListItem\",\"position\":2,\"name\":\"S\u00fcrd\u00fcr\u00fclebilirlik\",\"item\":\"https:\/\/globalyatirim.com.tr\/tr\/surdurulebilirlik\/\"},{\"@type\":\"ListItem\",\"position\":3,\"name\":\"S\u00fcrd\u00fcr\u00fclebilirlik Politikam\u0131z\"}]},{\"@type\":\"WebSite\",\"@id\":\"https:\/\/globalyatirim.com.tr\/tr\/#website\",\"url\":\"https:\/\/globalyatirim.com.tr\/tr\/\",\"name\":\"Globalyat\u0131r\u0131m Holding\",\"description\":\"\",\"publisher\":{\"@id\":\"https:\/\/globalyatirim.com.tr\/tr\/#organization\"},\"potentialAction\":[{\"@type\":\"SearchAction\",\"target\":{\"@type\":\"EntryPoint\",\"urlTemplate\":\"https:\/\/globalyatirim.com.tr\/tr\/?s={search_term_string}\"},\"query-input\":{\"@type\":\"PropertyValueSpecification\",\"valueRequired\":true,\"valueName\":\"search_term_string\"}}],\"inLanguage\":\"tr\"},{\"@type\":\"Organization\",\"@id\":\"https:\/\/globalyatirim.com.tr\/tr\/#organization\",\"name\":\"Globalyat\u0131r\u0131m Holding\",\"url\":\"https:\/\/globalyatirim.com.tr\/tr\/\",\"logo\":{\"@type\":\"ImageObject\",\"inLanguage\":\"tr\",\"@id\":\"https:\/\/globalyatirim.com.tr\/tr\/#\/schema\/logo\/image\/\",\"url\":\"https:\/\/globalyatirim.com.tr\/wp-content\/uploads\/2025\/12\/GYHLogo-en.svg\",\"contentUrl\":\"https:\/\/globalyatirim.com.tr\/wp-content\/uploads\/2025\/12\/GYHLogo-en.svg\",\"width\":180,\"height\":40,\"caption\":\"Globalyat\u0131r\u0131m Holding\"},\"image\":{\"@id\":\"https:\/\/globalyatirim.com.tr\/tr\/#\/schema\/logo\/image\/\"},\"sameAs\":[\"https:\/\/www.facebook.com\/GLYHOIR\",\"https:\/\/x.com\/GLYHOIR\",\"https:\/\/www.linkedin.com\/company\/glyhoir\/\",\"https:\/\/www.instagram.com\/globalyatirimholding\/\"]}]}<\/script>\n<!-- \/ Yoast SEO plugin. -->","yoast_head_json":{"title":"S\u00fcrd\u00fcr\u00fclebilirlik Politikam\u0131z - Global Yat\u0131r\u0131m Holding","robots":{"index":"index","follow":"follow","max-snippet":"max-snippet:-1","max-image-preview":"max-image-preview:large","max-video-preview":"max-video-preview:-1"},"canonical":"https:\/\/globalyatirim.com.tr\/tr\/surdurulebilirlik\/surdurulebilirlik-politikamiz\/","og_locale":"tr_TR","og_type":"article","og_title":"S\u00fcrd\u00fcr\u00fclebilirlik Politikam\u0131z - Global Yat\u0131r\u0131m Holding","og_url":"https:\/\/globalyatirim.com.tr\/tr\/surdurulebilirlik\/surdurulebilirlik-politikamiz\/","og_site_name":"Global Yat\u0131r\u0131m Holding","article_publisher":"https:\/\/www.facebook.com\/GLYHOIR","article_modified_time":"2025-01-15T08:10:04+00:00","twitter_card":"summary_large_image","twitter_site":"@GLYHOIR","schema":{"@context":"https:\/\/schema.org","@graph":[{"@type":"WebPage","@id":"https:\/\/globalyatirim.com.tr\/tr\/surdurulebilirlik\/surdurulebilirlik-politikamiz\/","url":"https:\/\/globalyatirim.com.tr\/tr\/surdurulebilirlik\/surdurulebilirlik-politikamiz\/","name":"S\u00fcrd\u00fcr\u00fclebilirlik Politikam\u0131z - Global Yat\u0131r\u0131m Holding","isPartOf":{"@id":"https:\/\/globalyatirim.com.tr\/tr\/#website"},"datePublished":"2024-05-09T07:50:25+00:00","dateModified":"2025-01-15T08:10:04+00:00","breadcrumb":{"@id":"https:\/\/globalyatirim.com.tr\/tr\/surdurulebilirlik\/surdurulebilirlik-politikamiz\/#breadcrumb"},"inLanguage":"tr","potentialAction":[{"@type":"ReadAction","target":["https:\/\/globalyatirim.com.tr\/tr\/surdurulebilirlik\/surdurulebilirlik-politikamiz\/"]}]},{"@type":"BreadcrumbList","@id":"https:\/\/globalyatirim.com.tr\/tr\/surdurulebilirlik\/surdurulebilirlik-politikamiz\/#breadcrumb","itemListElement":[{"@type":"ListItem","position":1,"name":"Home","item":"https:\/\/globalyatirim.com.tr\/tr\/"},{"@type":"ListItem","position":2,"name":"S\u00fcrd\u00fcr\u00fclebilirlik","item":"https:\/\/globalyatirim.com.tr\/tr\/surdurulebilirlik\/"},{"@type":"ListItem","position":3,"name":"S\u00fcrd\u00fcr\u00fclebilirlik Politikam\u0131z"}]},{"@type":"WebSite","@id":"https:\/\/globalyatirim.com.tr\/tr\/#website","url":"https:\/\/globalyatirim.com.tr\/tr\/","name":"Globalyat\u0131r\u0131m Holding","description":"","publisher":{"@id":"https:\/\/globalyatirim.com.tr\/tr\/#organization"},"potentialAction":[{"@type":"SearchAction","target":{"@type":"EntryPoint","urlTemplate":"https:\/\/globalyatirim.com.tr\/tr\/?s={search_term_string}"},"query-input":{"@type":"PropertyValueSpecification","valueRequired":true,"valueName":"search_term_string"}}],"inLanguage":"tr"},{"@type":"Organization","@id":"https:\/\/globalyatirim.com.tr\/tr\/#organization","name":"Globalyat\u0131r\u0131m Holding","url":"https:\/\/globalyatirim.com.tr\/tr\/","logo":{"@type":"ImageObject","inLanguage":"tr","@id":"https:\/\/globalyatirim.com.tr\/tr\/#\/schema\/logo\/image\/","url":"https:\/\/globalyatirim.com.tr\/wp-content\/uploads\/2025\/12\/GYHLogo-en.svg","contentUrl":"https:\/\/globalyatirim.com.tr\/wp-content\/uploads\/2025\/12\/GYHLogo-en.svg","width":180,"height":40,"caption":"Globalyat\u0131r\u0131m Holding"},"image":{"@id":"https:\/\/globalyatirim.com.tr\/tr\/#\/schema\/logo\/image\/"},"sameAs":["https:\/\/www.facebook.com\/GLYHOIR","https:\/\/x.com\/GLYHOIR","https:\/\/www.linkedin.com\/company\/glyhoir\/","https:\/\/www.instagram.com\/globalyatirimholding\/"]}]}},"_links":{"self":[{"href":"https:\/\/globalyatirim.com.tr\/tr\/wp-json\/wp\/v2\/pages\/1393","targetHints":{"allow":["GET"]}}],"collection":[{"href":"https:\/\/globalyatirim.com.tr\/tr\/wp-json\/wp\/v2\/pages"}],"about":[{"href":"https:\/\/globalyatirim.com.tr\/tr\/wp-json\/wp\/v2\/types\/page"}],"author":[{"embeddable":true,"href":"https:\/\/globalyatirim.com.tr\/tr\/wp-json\/wp\/v2\/users\/1"}],"replies":[{"embeddable":true,"href":"https:\/\/globalyatirim.com.tr\/tr\/wp-json\/wp\/v2\/comments?post=1393"}],"version-history":[{"count":29,"href":"https:\/\/globalyatirim.com.tr\/tr\/wp-json\/wp\/v2\/pages\/1393\/revisions"}],"predecessor-version":[{"id":7439,"href":"https:\/\/globalyatirim.com.tr\/tr\/wp-json\/wp\/v2\/pages\/1393\/revisions\/7439"}],"up":[{"embeddable":true,"href":"https:\/\/globalyatirim.com.tr\/tr\/wp-json\/wp\/v2\/pages\/1310"}],"wp:attachment":[{"href":"https:\/\/globalyatirim.com.tr\/tr\/wp-json\/wp\/v2\/media?parent=1393"}],"curies":[{"name":"wp","href":"https:\/\/api.w.org\/{rel}","templated":true}]}}