{"id":1496,"date":"2024-05-09T07:50:55","date_gmt":"2024-05-09T07:50:55","guid":{"rendered":"https:\/\/globalyatirim.com.tr\/sustainability\/sustainability-committee\/"},"modified":"2025-01-15T08:09:54","modified_gmt":"2025-01-15T08:09:54","slug":"surdurulebilirlik-komitemiz","status":"publish","type":"page","link":"https:\/\/globalyatirim.com.tr\/tr\/surdurulebilirlik\/surdurulebilirlik-komitemiz\/","title":{"rendered":"S\u00fcrd\u00fcr\u00fclebilirlik Komitemiz"},"content":{"rendered":"\n<div id=\"tab-5\" class=\"tab-contents mt-5\">\n\n    <section id=\"sustainability-committee\">\n        <div class=\"container\">\n            <div class=\"col-xl-11 col-xxl-10 px-0 mx-auto\">\n                <p class=\"title-gray\">\n    S\u00fcrd\u00fcr\u00fclebilirlik Y\u00f6netimi ve S\u00fcrd\u00fcr\u00fclebilirlik Komitesi G\u00f6rev ve \u00c7al\u0131\u015fma<br \/>\n    Esaslar\u0131\n  <\/p>\n<p class=\"desc-big-black\">1. AMA\u00c7<\/p>\n<p class=\"desc-gray\">\n    Global Yat\u0131r\u0131m Holding Anonim \u015eirketi (GYH)\u2019nde iklim de\u011fi\u015fikli\u011fi dahil \u00e7evresel, sosyal, kurumsal y\u00f6netim alanlar\u0131n\u0131 i\u00e7eren s\u00fcrd\u00fcr\u00fclebilirlik \u00e7al\u0131\u015fmalar\u0131n\u0131 y\u00fcr\u00fctmek, gerekli strateji, politika, hedef ve aksiyon planlar\u0131n\u0131 olu\u015fturarak kurumsal yap\u0131lanma i\u00e7inde S\u00fcrd\u00fcr\u00fclebilirlik Komitesi<br \/>\n    olu\u015fumu ve t\u00fcm \u00e7al\u0131\u015fan ve departmanlar\u0131n yetki, g\u00f6rev ve sorumluluklar\u0131n\u0131n belirlenmesidir. Di\u011fer yandan, \u00f6zellikle \u00e7o\u011funluk hissesine sahip oldu\u011fu veya y\u00f6netimine hakim oldu\u011fu i\u015ftiraklerinde de, bu g\u00f6rev ve esaslar\u0131n her i\u015ftirakin sekt\u00f6r\u00fcne has \u00f6zelliklerle uyumlu de\u011fi\u015fiklikleri i\u00e7ererek bir \u00e7at\u0131 olu\u015fturmas\u0131n\u0131 da ama\u00e7lamaktad\u0131r.\n  <\/p>\n<p class=\"desc-big-black\">2. KAPSAM<\/p>\n<p class=\"desc-gray\">\n    GYH\u2019nin t\u00fcm s\u00fcre\u00e7leri ve bu s\u00fcre\u00e7lerin her bir ad\u0131m\u0131nda yer alan y\u00f6netici ve \u00e7al\u0131\u015fanlar\u0131, i\u015f orta\u011f\u0131, m\u00fcteahhit, dan\u0131\u015fman, acente gibi GYH ad\u0131na hareket edenleri, tedarik\u00e7ilerin s\u00fcrd\u00fcr\u00fclebilirlik ilke ve kurallar ile ilgili t\u00fcm uygulamalar\u0131n\u0131 kapsar.\n  <\/p>\n<p class=\"desc-big-black\">3.YETK\u0130, G\u00d6REV ve SORUMLULUKLAR<\/p>\n<p class=\"desc-black\">Y\u00f6netim Kurulu<\/p>\n<p class=\"desc-gray\">\n    Y\u00f6netim Kurulu, S\u00fcrd\u00fcr\u00fclebilirlik Komitesi G\u00f6rev Ve \u00c7al\u0131\u015fma Esaslar\u0131\u2019n\u0131n, S\u00fcrd\u00fcr\u00fclebilirlik stratejisi ve politikas\u0131n\u0131n onaylanmas\u0131ndan, g\u00f6zden ge\u00e7irilmesinden, g\u00f6zetim ve denetim sistemlerinin yeterliliklerinden, kural ve<br \/>\n    d\u00fczenlemelere uyulmamas\u0131 durumunda bildirim, inceleme ve yapt\u0131r\u0131m mekanizmalar\u0131n\u0131n belirlenmesi ve i\u015fletilmesinin \u00fcst g\u00f6zetiminden sorumludur.\n  <\/p>\n<p class=\"desc-black\">\u00dcst Y\u00f6netim<\/p>\n<p class=\"desc-gray\">\n    \u00dcst Y\u00f6netim, S\u00fcrd\u00fcr\u00fclebilirlik Y\u00f6netimi ve S\u00fcrd\u00fcr\u00fclebilirlik Komitesi G\u00f6rev Ve \u00c7al\u0131\u015fma Esaslar\u0131\u2019n\u0131n haz\u0131rlanmas\u0131, geli\u015ftirilmesi, y\u00fcr\u00fct\u00fclmesi ve g\u00fcncellenmesinden, belirlenmi\u015f S\u00fcrd\u00fcr\u00fclebilirlik stratejisi ve politikas\u0131n\u0131n<br \/>\n    karar, i\u015f, denetim, raporlama s\u00fcre\u00e7leri dahilinde uygulanmas\u0131ndan, uygulaman\u0131n \u00c7evre Y\u00f6netim Sistemine uygun yap\u0131lmas\u0131n\u0131n sa\u011flanmas\u0131ndan sorumludur. \u00dcst y\u00f6netim Genel M\u00fcd\u00fcr ve Departman Ba\u015fkanlar\u0131\/Direkt\u00f6rlerinden olu\u015fur.\n  <\/p>\n<p class=\"desc-black\">Hukuk Departman\u0131<\/p>\n<p class=\"desc-gray\">\n    Hukuk Departman\u0131, S\u00fcrd\u00fcr\u00fclebilirlik Komitesi G\u00f6rev ve \u00c7al\u0131\u015fma Esaslar\u0131\u2019n\u0131 gerekti\u011finde g\u00fcncelli\u011fi ve geli\u015ftirme ihtiya\u00e7lar\u0131 a\u00e7\u0131s\u0131ndan de\u011ferlendirir ve  \u00dcst Y\u00f6netim\u2019e \u00f6nerilerde bulunur, S\u00fcrd\u00fcr\u00fclebilirlik d\u00fczenlemelerindeki Ulusal ve Uluslararas\u0131 d\u00fczenlemelerdeki geli\u015fmeleri S\u00fcrd\u00fcr\u00fclebilirlik Komitesi\u2019ne<br \/>\n    bildirir.\n  <\/p>\n<p class=\"desc-black\">\u00c7al\u0131\u015fan<\/p>\n<p class=\"desc-gray\">\n    \u00c7al\u0131\u015fanlar i\u015fbu esaslar\u0131n, \u00e7evre stratejisi ve politikas\u0131na, \u00e7evre y\u00f6netim sistemi kurallar\u0131na ve ilgili d\u00fczenlemelere uyarlar. S\u00fcrd\u00fcr\u00fclebilirlik, iklim de\u011fi\u015fikli\u011fi ve \u00e7evre politika ve ilkelerine ayk\u0131r\u0131 faaliyet ya da uygulama ile<br \/>\n    kar\u015f\u0131la\u015f\u0131lmas\u0131 durumunda Uyum ve \u0130\u00e7 Denetim Departman\u0131\u2019na, daha \u00f6nce belirlenmemi\u015f riskli bir alan veya faaliyet saptanmas\u0131 durumunda S\u00fcrd\u00fcr\u00fclebilirlik Komitesine bildirim yap\u0131lmas\u0131 ile sorumludur.\n  <\/p>\n<p class=\"desc-black\">GYH Ad\u0131na Hareket Edenler, \u0130\u015f Ortaklar\u0131<\/p>\n<p class=\"desc-gray\">\n    GYH Ad\u0131na Hareket edenler, dan\u0131\u015fman, m\u00fcteahhitler, ta\u015feronlar, tedarik\u00e7iler,acenteler ve i\u015f ortaklar\u0131 S\u00fcrd\u00fcr\u00fclebilirlik ilkelerimize, \u00e7evre politikam\u0131za uyum sa\u011flamas\u0131 zorunludur.\n  <\/p>\n<p class=\"desc-black\">Kurumsal \u0130leti\u015fim Departman\u0131<\/p>\n<p class=\"desc-gray\">\n    \u0130\u015fbu dok\u00fcman ve S\u00fcrd\u00fcr\u00fclebilirlik Stratejisi, \u00c7evre Politikas\u0131 ve kamuya a\u00e7\u0131klanmas\u0131na karar verilen di\u011fer dokumanlar kurum portal\u0131nda yay\u0131nlan\u0131r,yay\u0131nlanmas\u0131 Kurumsal \u0130leti\u015fim Departman\u0131 sorumlulu\u011fundad\u0131r.\n  <\/p>\n<p class=\"desc-black\">\u0130nsan Kaynaklar\u0131 Departman\u0131<\/p>\n<p class=\"desc-gray\">\n    \u0130\u015fbu dok\u00fcman ve S\u00fcrd\u00fcr\u00fclebilirlik Stratejisi, \u00c7evre Politikas\u0131 ve di\u011fer dok\u00fcmanlar\u0131n kurum i\u00e7i da\u011f\u0131t\u0131m\u0131n\u0131n yap\u0131lmas\u0131 ve belirlenmi\u015f e\u011fitimlerin ger\u00e7ekle\u015ftirilmesi \u0130nsan Kaynaklar\u0131 Departman\u0131 sorumlulu\u011fundad\u0131r.\n  <\/p>\n<p class=\"desc-black\">Yat\u0131r\u0131mc\u0131 \u0130li\u015fkileri Departman\u0131<\/p>\n<p class=\"desc-gray\">\n    Yat\u0131r\u0131mc\u0131 \u0130li\u015fkileri Departman\u0131 S\u00fcrd\u00fcr\u00fclebilirlik Stratejisi, \u00c7evre Politikas\u0131 ve uygulamalar\u0131 ile \u015eirket\u2019in kurumsal yat\u0131r\u0131mc\u0131lar, portf\u00f6y y\u00f6neticileri, analistler, mevcut ve potansiyel hissedarlar aras\u0131ndaki ili\u015fkilerini<br \/>\n    d\u00fczenlemekten ve kamuyu bilgilendirme uygulamalar\u0131n\u0131, \u015feffaf bir \u015fekilde t\u00fcm ilgililere e\u015f zamanl\u0131 olarak ger\u00e7ekle\u015ftirmekten sorumludur. \u0130\u015fbu dok\u00fcman ve S\u00fcrd\u00fcr\u00fclebilirlik Stratejisi, \u00c7evre Politikas\u0131 ve kamuya a\u00e7\u0131klanmas\u0131na karar<br \/>\n    verilen di\u011fer dok\u00fcmanlar\u0131n internet sitesinde yay\u0131nlanmas\u0131 Yat\u0131r\u0131mc\u0131 \u0130li\u015fkileri Departman\u0131 sorumlulu\u011fundad\u0131r.\n  <\/p>\n<p class=\"desc-big-black\">4. S\u00dcRD\u00dcR\u00dcLEB\u0130L\u0130RL\u0130K KOM\u0130TES\u0130<\/p>\n<p class=\"desc-black\">S\u00fcrd\u00fcr\u00fclebilirlik Komitesinin G\u00f6rev ve Yetkileri<\/p>\n<p class=\"desc-gray\">\n<ul>\n<li>S\u00fcrd\u00fcr\u00fclebilirli\u011fin \u015firket yap\u0131s\u0131na entegre edilmesi i\u00e7in \u015firketin s\u00fcrd\u00fcr\u00fclebilirlik ve \u00e7evre stratejisi ve politikalar\u0131n\u0131 haz\u0131rlar, Y\u00f6netim Kurulu\u2019nun onay\u0131na sunar,<\/li>\n<li>Y\u00f6netim Kurulu taraf\u0131ndan onaylanan s\u00fcrd\u00fcr\u00fclebilirlik ve \u00e7evre stratejisi ve politikalar\u0131n\u0131n hayata ge\u00e7irilmesi i\u00e7in \u00e7al\u0131\u015fmalar yapar, Genel M\u00fcd\u00fcr\u2019\u00fcn bilgisine sunulmak \u00fczere Strateji ve politikalara uygun taslak s\u00fcrd\u00fcr\u00fclebilirlik, ve \u00e7evre ama\u00e7 ve hedefleri, aksiyon planlar\u0131n\u0131 ve ba\u011flant\u0131l\u0131 performans \u00f6l\u00e7\u00fctlerini belirler ve onaylar,<\/li>\n<li>GYH\u2019nin faaliyetlerinin onaylanm\u0131\u015f s\u00fcrd\u00fcr\u00fclebilirlik, \u00e7evre ama\u00e7 ve hedeflerine, aksiyon planlar\u0131na ve ba\u011flant\u0131l\u0131 performans \u00f6l\u00e7\u00fctlerine uygun y\u00fcr\u00fct\u00fclmesi i\u00e7in gerekli \u00e7al\u0131\u015fmalar\u0131 yapar,<\/li>\n<li>S\u00fcrd\u00fcr\u00fclebilirlik stratejisi ve politikalar\u0131n\u0131n ba\u015fta \u00e7al\u0131\u015fanlar olmak \u00fczere \u015firket payda\u015flar\u0131na ileti\u015fiminin yap\u0131lmas\u0131 , bu ama\u00e7la \u00e7al\u0131\u015fan ve payda\u015flara gerekli olan e\u011fitimleri belirler,<\/li>\n<li>\u00d6nemli \u00e7evresel etkisi oldu\u011funu belirledi\u011fi s\u00fcre\u00e7 ve faaliyetlere ili\u015fkin kontrol prosed\u00fcrlerini haz\u0131rlar ve g\u00fcnceller, \u00dcst Y\u00f6netim\u2019in onaylar\u0131na sunar.<\/li>\n<li>\u00dcst Y\u00f6netim\u2019in onaylar\u0131na sunulmak \u00fczere S\u00fcrd\u00fcr\u00fclebilirlik ve \u00e7evre ile ilgili acil durumlara ili\u015fkin ileti\u015fim uygulamas\u0131n\u0131 belirler,<\/li>\n<li>\u00c7evre sorumlular\u0131ndan gelen D\u00fczeltici ve \u00d6nleyici Faaliyetlere ili\u015fkin raporlar\u0131, Uyum ve \u0130\u00e7 Denetim Departman\u0131\u2019ndan gelen s\u00fcrd\u00fcr\u00fclebilirlik konular\u0131 hakk\u0131ndaki denetim raporlar\u0131n\u0131 inceler, yetki ve sorumlulu\u011fu dahilindeki konular\u0131 karara baglar, \u00dcst Y\u00f6netim veya Y\u00f6netim Kurulu\u2019nun onay\u0131n\u0131 gerektiren konular\u0131, onaya sunar,<\/li>\n<li>Komite, s\u00fcrd\u00fcr\u00fclebilirlikle ilgili politikalar\u0131, y\u00f6netim sistemlerini, \u00e7al\u0131\u015fma esaslar\u0131n\u0131, ilgili uygulamalar\u0131, hedefleri, performans ger\u00e7ekle\u015fmelerini, en az y\u0131lda bir kez olmak \u00fczere periyodik olarak g\u00f6zden ge\u00e7irir ve gerekiyor ise de\u011fi\u015fiklik \u00f6nerilerini Y\u00f6netim Kurulunun onaylar\u0131na sunar, nihai karar Y\u00f6netim Kuruluna aittir,<\/li>\n<li>S\u00fcrd\u00fcr\u00fclebilirlik konular\u0131 ile ilgili olarak Y\u00f6netim Kurulu, Y\u00f6netim Kurulu Komiteleri ve \u00dcst Y\u00f6netim taraf\u0131ndan verilen di\u011fer g\u00f6rev ve yetkilerin gere\u011fini yerine getirir.<\/li>\n<\/ul>\n<p class=\"desc-black\">S\u00fcrd\u00fcr\u00fclebilirlik Komitesinin Yap\u0131s\u0131<\/p>\n<p class=\"desc-gray\">\n<ul>\n<li>Komite Y\u00f6netim Kuruluna ba\u011fl\u0131 olarak \u00e7al\u0131\u015f\u0131r.<\/li>\n<li>Komite 14 ki\u015fiden olu\u015fur.<\/li>\n<li>Komiteye Y\u00f6netim Kurulu \u00fcyesi ba\u015fkanl\u0131k eder.<\/li>\n<li>S\u00fcrd\u00fcr\u00fclebilirlik Komitesi do\u011frudan Y\u00f6netim Kurulu \u00fcyesi olan Y\u00f6netim Kurulu Ba\u015fkan\u0131na raporlama yapmakla y\u00fck\u00fcml\u00fcd\u00fcr.<\/li>\n<li>Komite, GYH\u2019den Mali \u0130\u015fler ve Finansman Grup Ba\u015fkan\u0131, Yat\u0131r\u0131mc\u0131 \u0130li\u015fkileri Direkt\u00f6r\u00fc, K\u0131demli Yat\u0131r\u0131mc\u0131 \u0130li\u015fkileri Uzman\u0131, Yat\u0131r\u0131mc\u0131 \u0130li\u015fkileri Uzman Yard\u0131mc\u0131s\u0131, Avukat, \u0130nsan Kaynaklar\u0131 Direkt\u00f6r\u00fc, Global Liman \u0130\u015fletmeleri\u2019nden Mali \u0130\u015fler Direkt\u00f6r\u00fc, B\u00fct\u00e7e Raporlama Y\u00f6neticisi; Naturelgaz\u2019dan \u0130\u015f Sa\u011fl\u0131\u011f\u0131 ve G\u00fcvenli\u011fi Direkt\u00f6r\u00fc, Straton\u2019dan Mali \u0130\u015fler M\u00fcd\u00fcr\u00fc, Avukat; Pera\u2019dan \u0130\u015f Geli\u015ftirme M\u00fcd\u00fcr\u00fc, Actus\u2019dan Genel M\u00fcd\u00fcr, Global Menkul De\u011ferler\u2019den Genel M\u00fcd\u00fcr Yard\u0131mc\u0131s\u0131ndan olu\u015fur.<\/li>\n<li>Komite gerekti\u011finde konusunda uzman ki\u015filerin g\u00f6r\u00fc\u015flerinden yararlan\u0131r.<\/li>\n<li>Komite, \u00fcye say\u0131s\u0131n\u0131n yar\u0131dan bir fazlas\u0131n\u0131n kat\u0131l\u0131m\u0131 ile toplan\u0131r, \u00e7o\u011funlu\u011fu ile karar al\u0131r.<\/li>\n<li>Komitenin sekretarya i\u015flemleri Kurumsal \u0130leti\u015fim Departman\u0131 taraf\u0131ndan yerine getirilir.<\/li>\n<\/ul>\n<p class=\"desc-big-black\">5. Y\u00dcR\u00dcRL\u00dcK<\/p>\n<p class=\"desc-gray\">\n      \u0130\u015fbu G\u00f6rev ve \u00c7al\u0131\u015fma Esaslar\u0131 Y\u00f6netim Kurulu\u2019nun 29.06.2016 tarih ve 905 say\u0131l\u0131 karar\u0131 ile kabul edilmi\u015f ve y\u00fcr\u00fcrl\u00fc\u011fe girmi\u015ftir.\n  <\/p>\n            <\/div>\n        <\/div>\n    <\/section>\n\n<\/div>","protected":false},"excerpt":{"rendered":"","protected":false},"author":1,"featured_media":0,"parent":1310,"menu_order":0,"comment_status":"closed","ping_status":"closed","template":"pages\/sustainability-detail-temp.php","meta":{"_acf_changed":false,"footnotes":""},"class_list":["post-1496","page","type-page","status-publish","hentry"],"acf":[],"yoast_head":"<!-- This site is optimized with the Yoast SEO plugin v26.5 - https:\/\/yoast.com\/wordpress\/plugins\/seo\/ -->\n<title>S\u00fcrd\u00fcr\u00fclebilirlik Komitemiz - Global Yat\u0131r\u0131m Holding<\/title>\n<meta name=\"robots\" content=\"index, follow, max-snippet:-1, max-image-preview:large, max-video-preview:-1\" \/>\n<link rel=\"canonical\" href=\"https:\/\/globalyatirim.com.tr\/tr\/surdurulebilirlik\/surdurulebilirlik-komitemiz\/\" \/>\n<meta property=\"og:locale\" content=\"tr_TR\" \/>\n<meta property=\"og:type\" content=\"article\" \/>\n<meta property=\"og:title\" content=\"S\u00fcrd\u00fcr\u00fclebilirlik Komitemiz - Global Yat\u0131r\u0131m Holding\" \/>\n<meta property=\"og:url\" content=\"https:\/\/globalyatirim.com.tr\/tr\/surdurulebilirlik\/surdurulebilirlik-komitemiz\/\" \/>\n<meta property=\"og:site_name\" content=\"Global Yat\u0131r\u0131m Holding\" \/>\n<meta property=\"article:publisher\" content=\"https:\/\/www.facebook.com\/GLYHOIR\" \/>\n<meta property=\"article:modified_time\" content=\"2025-01-15T08:09:54+00:00\" \/>\n<meta name=\"twitter:card\" content=\"summary_large_image\" \/>\n<meta name=\"twitter:site\" content=\"@GLYHOIR\" \/>\n<script type=\"application\/ld+json\" class=\"yoast-schema-graph\">{\"@context\":\"https:\/\/schema.org\",\"@graph\":[{\"@type\":\"WebPage\",\"@id\":\"https:\/\/globalyatirim.com.tr\/tr\/surdurulebilirlik\/surdurulebilirlik-komitemiz\/\",\"url\":\"https:\/\/globalyatirim.com.tr\/tr\/surdurulebilirlik\/surdurulebilirlik-komitemiz\/\",\"name\":\"S\u00fcrd\u00fcr\u00fclebilirlik Komitemiz - Global Yat\u0131r\u0131m Holding\",\"isPartOf\":{\"@id\":\"https:\/\/globalyatirim.com.tr\/tr\/#website\"},\"datePublished\":\"2024-05-09T07:50:55+00:00\",\"dateModified\":\"2025-01-15T08:09:54+00:00\",\"breadcrumb\":{\"@id\":\"https:\/\/globalyatirim.com.tr\/tr\/surdurulebilirlik\/surdurulebilirlik-komitemiz\/#breadcrumb\"},\"inLanguage\":\"tr\",\"potentialAction\":[{\"@type\":\"ReadAction\",\"target\":[\"https:\/\/globalyatirim.com.tr\/tr\/surdurulebilirlik\/surdurulebilirlik-komitemiz\/\"]}]},{\"@type\":\"BreadcrumbList\",\"@id\":\"https:\/\/globalyatirim.com.tr\/tr\/surdurulebilirlik\/surdurulebilirlik-komitemiz\/#breadcrumb\",\"itemListElement\":[{\"@type\":\"ListItem\",\"position\":1,\"name\":\"Home\",\"item\":\"https:\/\/globalyatirim.com.tr\/tr\/\"},{\"@type\":\"ListItem\",\"position\":2,\"name\":\"S\u00fcrd\u00fcr\u00fclebilirlik\",\"item\":\"https:\/\/globalyatirim.com.tr\/tr\/surdurulebilirlik\/\"},{\"@type\":\"ListItem\",\"position\":3,\"name\":\"S\u00fcrd\u00fcr\u00fclebilirlik Komitemiz\"}]},{\"@type\":\"WebSite\",\"@id\":\"https:\/\/globalyatirim.com.tr\/tr\/#website\",\"url\":\"https:\/\/globalyatirim.com.tr\/tr\/\",\"name\":\"Globalyat\u0131r\u0131m Holding\",\"description\":\"\",\"publisher\":{\"@id\":\"https:\/\/globalyatirim.com.tr\/tr\/#organization\"},\"potentialAction\":[{\"@type\":\"SearchAction\",\"target\":{\"@type\":\"EntryPoint\",\"urlTemplate\":\"https:\/\/globalyatirim.com.tr\/tr\/?s={search_term_string}\"},\"query-input\":{\"@type\":\"PropertyValueSpecification\",\"valueRequired\":true,\"valueName\":\"search_term_string\"}}],\"inLanguage\":\"tr\"},{\"@type\":\"Organization\",\"@id\":\"https:\/\/globalyatirim.com.tr\/tr\/#organization\",\"name\":\"Globalyat\u0131r\u0131m Holding\",\"url\":\"https:\/\/globalyatirim.com.tr\/tr\/\",\"logo\":{\"@type\":\"ImageObject\",\"inLanguage\":\"tr\",\"@id\":\"https:\/\/globalyatirim.com.tr\/tr\/#\/schema\/logo\/image\/\",\"url\":\"https:\/\/globalyatirim.com.tr\/wp-content\/uploads\/2025\/12\/GYHLogo-en.svg\",\"contentUrl\":\"https:\/\/globalyatirim.com.tr\/wp-content\/uploads\/2025\/12\/GYHLogo-en.svg\",\"width\":180,\"height\":40,\"caption\":\"Globalyat\u0131r\u0131m Holding\"},\"image\":{\"@id\":\"https:\/\/globalyatirim.com.tr\/tr\/#\/schema\/logo\/image\/\"},\"sameAs\":[\"https:\/\/www.facebook.com\/GLYHOIR\",\"https:\/\/x.com\/GLYHOIR\",\"https:\/\/www.linkedin.com\/company\/glyhoir\/\",\"https:\/\/www.instagram.com\/globalyatirimholding\/\"]}]}<\/script>\n<!-- \/ Yoast SEO plugin. -->","yoast_head_json":{"title":"S\u00fcrd\u00fcr\u00fclebilirlik Komitemiz - Global Yat\u0131r\u0131m Holding","robots":{"index":"index","follow":"follow","max-snippet":"max-snippet:-1","max-image-preview":"max-image-preview:large","max-video-preview":"max-video-preview:-1"},"canonical":"https:\/\/globalyatirim.com.tr\/tr\/surdurulebilirlik\/surdurulebilirlik-komitemiz\/","og_locale":"tr_TR","og_type":"article","og_title":"S\u00fcrd\u00fcr\u00fclebilirlik Komitemiz - Global Yat\u0131r\u0131m Holding","og_url":"https:\/\/globalyatirim.com.tr\/tr\/surdurulebilirlik\/surdurulebilirlik-komitemiz\/","og_site_name":"Global Yat\u0131r\u0131m Holding","article_publisher":"https:\/\/www.facebook.com\/GLYHOIR","article_modified_time":"2025-01-15T08:09:54+00:00","twitter_card":"summary_large_image","twitter_site":"@GLYHOIR","schema":{"@context":"https:\/\/schema.org","@graph":[{"@type":"WebPage","@id":"https:\/\/globalyatirim.com.tr\/tr\/surdurulebilirlik\/surdurulebilirlik-komitemiz\/","url":"https:\/\/globalyatirim.com.tr\/tr\/surdurulebilirlik\/surdurulebilirlik-komitemiz\/","name":"S\u00fcrd\u00fcr\u00fclebilirlik Komitemiz - Global Yat\u0131r\u0131m Holding","isPartOf":{"@id":"https:\/\/globalyatirim.com.tr\/tr\/#website"},"datePublished":"2024-05-09T07:50:55+00:00","dateModified":"2025-01-15T08:09:54+00:00","breadcrumb":{"@id":"https:\/\/globalyatirim.com.tr\/tr\/surdurulebilirlik\/surdurulebilirlik-komitemiz\/#breadcrumb"},"inLanguage":"tr","potentialAction":[{"@type":"ReadAction","target":["https:\/\/globalyatirim.com.tr\/tr\/surdurulebilirlik\/surdurulebilirlik-komitemiz\/"]}]},{"@type":"BreadcrumbList","@id":"https:\/\/globalyatirim.com.tr\/tr\/surdurulebilirlik\/surdurulebilirlik-komitemiz\/#breadcrumb","itemListElement":[{"@type":"ListItem","position":1,"name":"Home","item":"https:\/\/globalyatirim.com.tr\/tr\/"},{"@type":"ListItem","position":2,"name":"S\u00fcrd\u00fcr\u00fclebilirlik","item":"https:\/\/globalyatirim.com.tr\/tr\/surdurulebilirlik\/"},{"@type":"ListItem","position":3,"name":"S\u00fcrd\u00fcr\u00fclebilirlik Komitemiz"}]},{"@type":"WebSite","@id":"https:\/\/globalyatirim.com.tr\/tr\/#website","url":"https:\/\/globalyatirim.com.tr\/tr\/","name":"Globalyat\u0131r\u0131m Holding","description":"","publisher":{"@id":"https:\/\/globalyatirim.com.tr\/tr\/#organization"},"potentialAction":[{"@type":"SearchAction","target":{"@type":"EntryPoint","urlTemplate":"https:\/\/globalyatirim.com.tr\/tr\/?s={search_term_string}"},"query-input":{"@type":"PropertyValueSpecification","valueRequired":true,"valueName":"search_term_string"}}],"inLanguage":"tr"},{"@type":"Organization","@id":"https:\/\/globalyatirim.com.tr\/tr\/#organization","name":"Globalyat\u0131r\u0131m Holding","url":"https:\/\/globalyatirim.com.tr\/tr\/","logo":{"@type":"ImageObject","inLanguage":"tr","@id":"https:\/\/globalyatirim.com.tr\/tr\/#\/schema\/logo\/image\/","url":"https:\/\/globalyatirim.com.tr\/wp-content\/uploads\/2025\/12\/GYHLogo-en.svg","contentUrl":"https:\/\/globalyatirim.com.tr\/wp-content\/uploads\/2025\/12\/GYHLogo-en.svg","width":180,"height":40,"caption":"Globalyat\u0131r\u0131m Holding"},"image":{"@id":"https:\/\/globalyatirim.com.tr\/tr\/#\/schema\/logo\/image\/"},"sameAs":["https:\/\/www.facebook.com\/GLYHOIR","https:\/\/x.com\/GLYHOIR","https:\/\/www.linkedin.com\/company\/glyhoir\/","https:\/\/www.instagram.com\/globalyatirimholding\/"]}]}},"_links":{"self":[{"href":"https:\/\/globalyatirim.com.tr\/tr\/wp-json\/wp\/v2\/pages\/1496","targetHints":{"allow":["GET"]}}],"collection":[{"href":"https:\/\/globalyatirim.com.tr\/tr\/wp-json\/wp\/v2\/pages"}],"about":[{"href":"https:\/\/globalyatirim.com.tr\/tr\/wp-json\/wp\/v2\/types\/page"}],"author":[{"embeddable":true,"href":"https:\/\/globalyatirim.com.tr\/tr\/wp-json\/wp\/v2\/users\/1"}],"replies":[{"embeddable":true,"href":"https:\/\/globalyatirim.com.tr\/tr\/wp-json\/wp\/v2\/comments?post=1496"}],"version-history":[{"count":11,"href":"https:\/\/globalyatirim.com.tr\/tr\/wp-json\/wp\/v2\/pages\/1496\/revisions"}],"predecessor-version":[{"id":7438,"href":"https:\/\/globalyatirim.com.tr\/tr\/wp-json\/wp\/v2\/pages\/1496\/revisions\/7438"}],"up":[{"embeddable":true,"href":"https:\/\/globalyatirim.com.tr\/tr\/wp-json\/wp\/v2\/pages\/1310"}],"wp:attachment":[{"href":"https:\/\/globalyatirim.com.tr\/tr\/wp-json\/wp\/v2\/media?parent=1496"}],"curies":[{"name":"wp","href":"https:\/\/api.w.org\/{rel}","templated":true}]}}