{"id":1999,"date":"2024-05-13T23:12:19","date_gmt":"2024-05-13T23:12:19","guid":{"rendered":"https:\/\/globalyatirim.com.tr\/investments\/"},"modified":"2024-10-23T09:10:56","modified_gmt":"2024-10-23T09:10:56","slug":"yatirimlar","status":"publish","type":"page","link":"https:\/\/globalyatirim.com.tr\/tr\/yatirimlar\/","title":{"rendered":"Yat\u0131r\u0131mlar"},"content":{"rendered":"\n\n<section id=\"header\">\n    <div class=\"container d-flex justify-content-center\">\n        <div class=\"d-flex flex-column align-items-center justify-content-center col-lg-6 p-0\">\n            <nav aria-label=\"breadcrumb\">\n                <ol class=\"breadcrumb\">\n                    <li class=\"breadcrumb-item\"><a href=\"https:\/\/globalyatirim.com.tr\/tr\/\">Anasayfa<\/a><\/li>\n                    <li class=\"breadcrumb-item active\" aria-current=\"page\">Yat\u0131r\u0131mlar <\/li>\n                <\/ol>\n            <\/nav>\n            <p class=\"title-big-gray text-center\" data-animate-way=\"top-bottom\" data-animate=\"fade-in\" data-animated=\"false\" data-animate-delay=\"7\" data-on-animate-start=\"false\">6 sekt\u00f6rde faaliyet g\u00f6stermekteyiz<\/p>\n            <p class=\"desc-big-gray text-center\" data-animate-way=\"top-bottom\" data-animate=\"fade-in\" data-animated=\"false\" data-animate-delay=\"8\" data-on-animate-start=\"false\">Global Yat\u0131r\u0131m Holding, farkl\u0131 k\u0131talarda ve \u00e7e\u015fitli \u00fclkelerde faaliyet g\u00f6steren \u00e7ok y\u00f6nl\u00fc bir \u015firketler toplulu\u011fudur. <\/p>\n        <\/div>\n    <\/div>\n<\/section>\n\n\n<section id=\"sectors\" class=\"position-relative\">\n    <div class=\"shared-background-holder mobile-cover mobile-center mobile-h-100 desktop-cover desktop-top-center\">\n        <img decoding=\"async\" class=\"w-100 lazyload\" data-src=\"https:\/\/globalyatirim.com.tr\/wp-content\/themes\/mbcthemes\/assets\/img\/background-world-gray.png\" alt=\"\" src=\"data:image\/svg+xml;base64,PHN2ZyB3aWR0aD0iMSIgaGVpZ2h0PSIxIiB4bWxucz0iaHR0cDovL3d3dy53My5vcmcvMjAwMC9zdmciPjwvc3ZnPg==\" style=\"--smush-placeholder-width: 1909px; --smush-placeholder-aspect-ratio: 1909\/1055;\">\n    <\/div>\n    <div class=\"shared-background-holder mobile-cover mobile-center mobile-h-100 desktop-cover desktop-top-center\">\n        <img decoding=\"async\" class=\"w-100 lazyload\" data-src=\"https:\/\/globalyatirim.com.tr\/wp-content\/themes\/mbcthemes\/assets\/img\/background-world-gray.png\" alt=\"\" src=\"data:image\/svg+xml;base64,PHN2ZyB3aWR0aD0iMSIgaGVpZ2h0PSIxIiB4bWxucz0iaHR0cDovL3d3dy53My5vcmcvMjAwMC9zdmciPjwvc3ZnPg==\" style=\"--smush-placeholder-width: 1909px; --smush-placeholder-aspect-ratio: 1909\/1055;\">\n    <\/div>\n    <div class=\"shared-background-holder mobile-cover mobile-center mobile-h-100 desktop-cover desktop-top-center\">\n        <img decoding=\"async\" class=\"w-100 lazyload\" data-src=\"https:\/\/globalyatirim.com.tr\/wp-content\/themes\/mbcthemes\/assets\/img\/background-world-gray.png\" alt=\"\" src=\"data:image\/svg+xml;base64,PHN2ZyB3aWR0aD0iMSIgaGVpZ2h0PSIxIiB4bWxucz0iaHR0cDovL3d3dy53My5vcmcvMjAwMC9zdmciPjwvc3ZnPg==\" style=\"--smush-placeholder-width: 1909px; --smush-placeholder-aspect-ratio: 1909\/1055;\">\n    <\/div>\n    <div class=\"container\">\n\n\n                        <div class=\"left-right-card d-flex align-items-center col-xxl-10 col-xl-11 px-0 mx-auto\">\n                    <div class=\"left\" data-animate-way=\"top-bottom\" data-animate=\"fade-in\" data-animated=\"false\" data-animate-delay=\"5\" data-on-animate-start=\"false\">\n                        <video class=\"lazy img-regular\" playsinline autoplay loop muted preload=\"metadata\" poster=\"https:\/\/globalyatirim.com.tr\/wp-content\/uploads\/2025\/01\/Zadar_73210872-scaled.webp\">\n                            <source class=\"img-regular\" data-src=\"https:\/\/globalyatirim.com.tr\/wp-content\/uploads\/2025\/01\/global-video.mp4\" type=\"video\/mp4\">\n                        <\/video>\n                    <\/div>\n                    <div class=\"right d-flex flex-column align-items-start\">\n                        <p class=\"number-big\" data-animate-way=\"top-bottom\" data-animate=\"fade-in\" data-animated=\"false\" data-animate-delay=\"6\" data-on-animate-start=\"false\">01<\/p>\n                        <p class=\"title-gray\" data-animate-way=\"top-bottom\" data-animate=\"fade-in\" data-animated=\"false\" data-animate-delay=\"7\" data-on-animate-start=\"false\">Liman \u0130\u015fletmecili\u011fi<\/p>\n                        <p class=\"desc-gray\" data-animate-way=\"top-bottom\" data-animate=\"fade-in\" data-animated=\"false\" data-animate-delay=\"8\" data-on-animate-start=\"false\">\n                            <p>Global Ports Holding (GPH), Akdeniz, Karayipler-Amerika, Asya-Pasifik, Afrika ve Kuzey Avrupa b\u00f6lgelerinde \u00f6nemli bir faaliyet alan\u0131na sahip d\u00fcnyan\u0131n en b\u00fcy\u00fck ba\u011f\u0131ms\u0131z kruvaziyer liman\u0131 &#8230;\n                        <\/p>\n\n                        <a href=\"https:\/\/globalyatirim.com.tr\/tr\/yatirimlar-kategori\/liman\/\" class=\"read-more-btn\" data-animate-way=\"top-bottom\" data-animate=\"fade-in\" data-animated=\"false\" data-animate-delay=\"9\" data-on-animate-start=\"false\">\n                            <p>\n                                DAHA FAZLA                            <\/p><img decoding=\"async\" data-src=\"https:\/\/globalyatirim.com.tr\/wp-content\/themes\/mbcthemes\/assets\/img\/icons\/arrow-right-small-blue.svg\" alt=\"\" src=\"data:image\/svg+xml;base64,PHN2ZyB3aWR0aD0iMSIgaGVpZ2h0PSIxIiB4bWxucz0iaHR0cDovL3d3dy53My5vcmcvMjAwMC9zdmciPjwvc3ZnPg==\" class=\"lazyload\">\n                        <\/a>\n                    <\/div>\n                <\/div>\n\n                        <div class=\"left-right-card d-flex align-items-center col-xxl-10 col-xl-11 px-0 mx-auto\">\n                    <div class=\"left\" data-animate-way=\"top-bottom\" data-animate=\"fade-in\" data-animated=\"false\" data-animate-delay=\"5\" data-on-animate-start=\"false\">\n                        <video class=\"lazy img-regular\" playsinline autoplay loop muted preload=\"metadata\" poster=\"https:\/\/globalyatirim.com.tr\/wp-content\/uploads\/2024\/05\/finance.jpg\">\n                            <source class=\"img-regular\" data-src=\"https:\/\/globalyatirim.com.tr\/wp-content\/uploads\/2024\/05\/finance.mp4\" type=\"video\/mp4\">\n                        <\/video>\n                    <\/div>\n                    <div class=\"right d-flex flex-column align-items-start\">\n                        <p class=\"number-big\" data-animate-way=\"top-bottom\" data-animate=\"fade-in\" data-animated=\"false\" data-animate-delay=\"6\" data-on-animate-start=\"false\">02<\/p>\n                        <p class=\"title-gray\" data-animate-way=\"top-bottom\" data-animate=\"fade-in\" data-animated=\"false\" data-animate-delay=\"7\" data-on-animate-start=\"false\">Finans<\/p>\n                        <p class=\"desc-gray\" data-animate-way=\"top-bottom\" data-animate=\"fade-in\" data-animated=\"false\" data-animate-delay=\"8\" data-on-animate-start=\"false\">\n                            <p>Yenilik\u00e7i \u00fcr\u00fcn portf\u00f6y\u00fcyle yerli, yabanc\u0131, uluslararas\u0131, kurumsal ve bireysel yat\u0131r\u0131mc\u0131lara hizmet veren, yerli sermayeli ve ana firmas\u0131 bir banka\/ arac\u0131 kurum\/sigorta \u015firketi olmayan &#8230;\n                        <\/p>\n\n                        <a href=\"https:\/\/globalyatirim.com.tr\/tr\/yatirimlar-kategori\/finans\/\" class=\"read-more-btn\" data-animate-way=\"top-bottom\" data-animate=\"fade-in\" data-animated=\"false\" data-animate-delay=\"9\" data-on-animate-start=\"false\">\n                            <p>\n                                DAHA FAZLA                            <\/p><img decoding=\"async\" data-src=\"https:\/\/globalyatirim.com.tr\/wp-content\/themes\/mbcthemes\/assets\/img\/icons\/arrow-right-small-blue.svg\" alt=\"\" src=\"data:image\/svg+xml;base64,PHN2ZyB3aWR0aD0iMSIgaGVpZ2h0PSIxIiB4bWxucz0iaHR0cDovL3d3dy53My5vcmcvMjAwMC9zdmciPjwvc3ZnPg==\" class=\"lazyload\">\n                        <\/a>\n                    <\/div>\n                <\/div>\n\n                        <div class=\"left-right-card d-flex align-items-center col-xxl-10 col-xl-11 px-0 mx-auto\">\n                    <div class=\"left\" data-animate-way=\"top-bottom\" data-animate=\"fade-in\" data-animated=\"false\" data-animate-delay=\"5\" data-on-animate-start=\"false\">\n                        <video class=\"lazy img-regular\" playsinline autoplay loop muted preload=\"metadata\" poster=\"https:\/\/globalyatirim.com.tr\/wp-content\/uploads\/2024\/11\/resim_2024-11-29_144728071.png\">\n                            <source class=\"img-regular\" data-src=\"https:\/\/globalyatirim.com.tr\/wp-content\/uploads\/2024\/12\/Naturelgaz_web_sq.mp4\" type=\"video\/mp4\">\n                        <\/video>\n                    <\/div>\n                    <div class=\"right d-flex flex-column align-items-start\">\n                        <p class=\"number-big\" data-animate-way=\"top-bottom\" data-animate=\"fade-in\" data-animated=\"false\" data-animate-delay=\"6\" data-on-animate-start=\"false\">03<\/p>\n                        <p class=\"title-gray\" data-animate-way=\"top-bottom\" data-animate=\"fade-in\" data-animated=\"false\" data-animate-delay=\"7\" data-on-animate-start=\"false\">Gaz<\/p>\n                        <p class=\"desc-gray\" data-animate-way=\"top-bottom\" data-animate=\"fade-in\" data-animated=\"false\" data-animate-delay=\"8\" data-on-animate-start=\"false\">\n                            <p>GYH\u2019nin i\u015ftiraklerinden Naturelgaz, \u00fclke genelinde tesis altyap\u0131s\u0131 ve d\u00f6kme sat\u0131\u015f hacmi a\u00e7\u0131s\u0131ndan T\u00fcrkiye\u2019nin \u00f6nde gelen ta\u015f\u0131mal\u0131 do\u011fal gaz (CNG: S\u0131k\u0131\u015ft\u0131r\u0131lm\u0131\u015f Do\u011fal Gaz&#8230;\n                        <\/p>\n\n                        <a href=\"https:\/\/globalyatirim.com.tr\/tr\/yatirimlar-kategori\/gaz\/\" class=\"read-more-btn\" data-animate-way=\"top-bottom\" data-animate=\"fade-in\" data-animated=\"false\" data-animate-delay=\"9\" data-on-animate-start=\"false\">\n                            <p>\n                                DAHA FAZLA                            <\/p><img decoding=\"async\" data-src=\"https:\/\/globalyatirim.com.tr\/wp-content\/themes\/mbcthemes\/assets\/img\/icons\/arrow-right-small-blue.svg\" alt=\"\" src=\"data:image\/svg+xml;base64,PHN2ZyB3aWR0aD0iMSIgaGVpZ2h0PSIxIiB4bWxucz0iaHR0cDovL3d3dy53My5vcmcvMjAwMC9zdmciPjwvc3ZnPg==\" class=\"lazyload\">\n                        <\/a>\n                    <\/div>\n                <\/div>\n\n                        <div class=\"left-right-card d-flex align-items-center col-xxl-10 col-xl-11 px-0 mx-auto\">\n                    <div class=\"left\" data-animate-way=\"top-bottom\" data-animate=\"fade-in\" data-animated=\"false\" data-animate-delay=\"5\" data-on-animate-start=\"false\">\n                        <video class=\"lazy img-regular\" playsinline autoplay loop muted preload=\"metadata\" poster=\"https:\/\/globalyatirim.com.tr\/wp-content\/uploads\/2024\/12\/resim_2024-12-20_115649996.png\">\n                            <source class=\"img-regular\" data-src=\"https:\/\/globalyatirim.com.tr\/wp-content\/uploads\/2024\/10\/elektrik-video.mp4\" type=\"video\/mp4\">\n                        <\/video>\n                    <\/div>\n                    <div class=\"right d-flex flex-column align-items-start\">\n                        <p class=\"number-big\" data-animate-way=\"top-bottom\" data-animate=\"fade-in\" data-animated=\"false\" data-animate-delay=\"6\" data-on-animate-start=\"false\">04<\/p>\n                        <p class=\"title-gray\" data-animate-way=\"top-bottom\" data-animate=\"fade-in\" data-animated=\"false\" data-animate-delay=\"7\" data-on-animate-start=\"false\">Elektrik \u00dcretimi<\/p>\n                        <p class=\"desc-gray\" data-animate-way=\"top-bottom\" data-animate=\"fade-in\" data-animated=\"false\" data-animate-delay=\"8\" data-on-animate-start=\"false\">\n                            <p data-pm-slice=\"1 1 []\">Consus Enerji, yenilenebilir enerji alan\u0131nda ger\u00e7ekle\u015ftirdi\u011fi biyok\u00fctle ve g\u00fcne\u015f santralleri yat\u0131r\u0131mlar\u0131na ek olarak, da\u011f\u0131t\u0131k enerji tesislerini (kojenerasyon, t&#8230;\n                        <\/p>\n\n                        <a href=\"https:\/\/globalyatirim.com.tr\/tr\/yatirimlar-kategori\/consus-enerji\/\" class=\"read-more-btn\" data-animate-way=\"top-bottom\" data-animate=\"fade-in\" data-animated=\"false\" data-animate-delay=\"9\" data-on-animate-start=\"false\">\n                            <p>\n                                DAHA FAZLA                            <\/p><img decoding=\"async\" data-src=\"https:\/\/globalyatirim.com.tr\/wp-content\/themes\/mbcthemes\/assets\/img\/icons\/arrow-right-small-blue.svg\" alt=\"\" src=\"data:image\/svg+xml;base64,PHN2ZyB3aWR0aD0iMSIgaGVpZ2h0PSIxIiB4bWxucz0iaHR0cDovL3d3dy53My5vcmcvMjAwMC9zdmciPjwvc3ZnPg==\" class=\"lazyload\">\n                        <\/a>\n                    <\/div>\n                <\/div>\n\n                        <div class=\"left-right-card d-flex align-items-center col-xxl-10 col-xl-11 px-0 mx-auto\">\n                    <div class=\"left\" data-animate-way=\"top-bottom\" data-animate=\"fade-in\" data-animated=\"false\" data-animate-delay=\"5\" data-on-animate-start=\"false\">\n                        <video class=\"lazy img-regular\" playsinline autoplay loop muted preload=\"metadata\" poster=\"https:\/\/globalyatirim.com.tr\/wp-content\/uploads\/2024\/11\/resim_2024-11-29_142241305.png\">\n                            <source class=\"img-regular\" data-src=\"https:\/\/globalyatirim.com.tr\/wp-content\/uploads\/2024\/12\/Straton_web_sq.mp4\" type=\"video\/mp4\">\n                        <\/video>\n                    <\/div>\n                    <div class=\"right d-flex flex-column align-items-start\">\n                        <p class=\"number-big\" data-animate-way=\"top-bottom\" data-animate=\"fade-in\" data-animated=\"false\" data-animate-delay=\"6\" data-on-animate-start=\"false\">05<\/p>\n                        <p class=\"title-gray\" data-animate-way=\"top-bottom\" data-animate=\"fade-in\" data-animated=\"false\" data-animate-delay=\"7\" data-on-animate-start=\"false\">Madencilik<\/p>\n                        <p class=\"desc-gray\" data-animate-way=\"top-bottom\" data-animate=\"fade-in\" data-animated=\"false\" data-animate-delay=\"8\" data-on-animate-start=\"false\">\n                            <p data-renderer-start-pos=\"4482\">T\u00fcrkiye, toplam 250 milyon ton rezerviyle d\u00fcnyadaki feldspat rezervinin %15\u2019ine sahiptir. T\u00fcrkiye, g\u00fcn\u00fcm\u00fczde yakla\u015f\u0131k %80\u2019i ihra\u00e7 edilen y\u0131ll\u0131k 9 milyo&#8230;\n                        <\/p>\n\n                        <a href=\"https:\/\/globalyatirim.com.tr\/tr\/yatirimlar-kategori\/madencilik\/\" class=\"read-more-btn\" data-animate-way=\"top-bottom\" data-animate=\"fade-in\" data-animated=\"false\" data-animate-delay=\"9\" data-on-animate-start=\"false\">\n                            <p>\n                                DAHA FAZLA                            <\/p><img decoding=\"async\" data-src=\"https:\/\/globalyatirim.com.tr\/wp-content\/themes\/mbcthemes\/assets\/img\/icons\/arrow-right-small-blue.svg\" alt=\"\" src=\"data:image\/svg+xml;base64,PHN2ZyB3aWR0aD0iMSIgaGVpZ2h0PSIxIiB4bWxucz0iaHR0cDovL3d3dy53My5vcmcvMjAwMC9zdmciPjwvc3ZnPg==\" class=\"lazyload\">\n                        <\/a>\n                    <\/div>\n                <\/div>\n\n                        <div class=\"left-right-card d-flex align-items-center col-xxl-10 col-xl-11 px-0 mx-auto\">\n                    <div class=\"left\" data-animate-way=\"top-bottom\" data-animate=\"fade-in\" data-animated=\"false\" data-animate-delay=\"5\" data-on-animate-start=\"false\">\n                        <video class=\"lazy img-regular\" playsinline autoplay loop muted preload=\"metadata\" poster=\"https:\/\/globalyatirim.com.tr\/wp-content\/uploads\/2025\/01\/vam01_1321b.png\">\n                            <source class=\"img-regular\" data-src=\"https:\/\/globalyatirim.com.tr\/wp-content\/uploads\/2025\/01\/Van-AVM-1.mp4\" type=\"video\/mp4\">\n                        <\/video>\n                    <\/div>\n                    <div class=\"right d-flex flex-column align-items-start\">\n                        <p class=\"number-big\" data-animate-way=\"top-bottom\" data-animate=\"fade-in\" data-animated=\"false\" data-animate-delay=\"6\" data-on-animate-start=\"false\">06<\/p>\n                        <p class=\"title-gray\" data-animate-way=\"top-bottom\" data-animate=\"fade-in\" data-animated=\"false\" data-animate-delay=\"7\" data-on-animate-start=\"false\">Gayrimenkul<\/p>\n                        <p class=\"desc-gray\" data-animate-way=\"top-bottom\" data-animate=\"fade-in\" data-animated=\"false\" data-animate-delay=\"8\" data-on-animate-start=\"false\">\n                            <p>Global Yat\u0131r\u0131m Holding&#8217;in %100 i\u015ftiraki olan Ardus Gayrimenkul Yat\u0131r\u0131mlar\u0131, Aral\u0131k 2016&#8217;da GYH\u2019nin gayrimenkul portf\u00f6y\u00fcn\u00fc konsolide etmek amac\u0131yla kurulmu\u015ftur. Gayrimenkul&#8230;\n                        <\/p>\n\n                        <a href=\"https:\/\/globalyatirim.com.tr\/tr\/yatirimlar-kategori\/gayrimenkul\/\" class=\"read-more-btn\" data-animate-way=\"top-bottom\" data-animate=\"fade-in\" data-animated=\"false\" data-animate-delay=\"9\" data-on-animate-start=\"false\">\n                            <p>\n                                DAHA FAZLA                            <\/p><img decoding=\"async\" data-src=\"https:\/\/globalyatirim.com.tr\/wp-content\/themes\/mbcthemes\/assets\/img\/icons\/arrow-right-small-blue.svg\" alt=\"\" src=\"data:image\/svg+xml;base64,PHN2ZyB3aWR0aD0iMSIgaGVpZ2h0PSIxIiB4bWxucz0iaHR0cDovL3d3dy53My5vcmcvMjAwMC9zdmciPjwvc3ZnPg==\" class=\"lazyload\">\n                        <\/a>\n                    <\/div>\n                <\/div>\n\n        \n    <\/div>\n<\/section>","protected":false},"excerpt":{"rendered":"","protected":false},"author":1,"featured_media":0,"parent":0,"menu_order":0,"comment_status":"closed","ping_status":"closed","template":"pages\/investments-temp.php","meta":{"_acf_changed":false,"footnotes":""},"class_list":["post-1999","page","type-page","status-publish","hentry"],"acf":[],"yoast_head":"<!-- This site is optimized with the Yoast SEO plugin v26.5 - https:\/\/yoast.com\/wordpress\/plugins\/seo\/ -->\n<title>Yat\u0131r\u0131mlar - Global Yat\u0131r\u0131m Holding<\/title>\n<meta name=\"robots\" content=\"index, follow, max-snippet:-1, max-image-preview:large, max-video-preview:-1\" \/>\n<link rel=\"canonical\" href=\"https:\/\/globalyatirim.com.tr\/tr\/yatirimlar\/\" \/>\n<meta property=\"og:locale\" content=\"tr_TR\" \/>\n<meta property=\"og:type\" content=\"article\" \/>\n<meta property=\"og:title\" content=\"Yat\u0131r\u0131mlar - Global Yat\u0131r\u0131m Holding\" \/>\n<meta property=\"og:url\" content=\"https:\/\/globalyatirim.com.tr\/tr\/yatirimlar\/\" \/>\n<meta property=\"og:site_name\" content=\"Global Yat\u0131r\u0131m Holding\" \/>\n<meta property=\"article:publisher\" content=\"https:\/\/www.facebook.com\/GLYHOIR\" \/>\n<meta property=\"article:modified_time\" content=\"2024-10-23T09:10:56+00:00\" \/>\n<meta name=\"twitter:card\" content=\"summary_large_image\" \/>\n<meta name=\"twitter:site\" content=\"@GLYHOIR\" \/>\n<script type=\"application\/ld+json\" class=\"yoast-schema-graph\">{\"@context\":\"https:\/\/schema.org\",\"@graph\":[{\"@type\":\"WebPage\",\"@id\":\"https:\/\/globalyatirim.com.tr\/tr\/yatirimlar\/\",\"url\":\"https:\/\/globalyatirim.com.tr\/tr\/yatirimlar\/\",\"name\":\"Yat\u0131r\u0131mlar - Global Yat\u0131r\u0131m Holding\",\"isPartOf\":{\"@id\":\"https:\/\/globalyatirim.com.tr\/tr\/#website\"},\"datePublished\":\"2024-05-13T23:12:19+00:00\",\"dateModified\":\"2024-10-23T09:10:56+00:00\",\"breadcrumb\":{\"@id\":\"https:\/\/globalyatirim.com.tr\/tr\/yatirimlar\/#breadcrumb\"},\"inLanguage\":\"tr\",\"potentialAction\":[{\"@type\":\"ReadAction\",\"target\":[\"https:\/\/globalyatirim.com.tr\/tr\/yatirimlar\/\"]}]},{\"@type\":\"BreadcrumbList\",\"@id\":\"https:\/\/globalyatirim.com.tr\/tr\/yatirimlar\/#breadcrumb\",\"itemListElement\":[{\"@type\":\"ListItem\",\"position\":1,\"name\":\"Home\",\"item\":\"https:\/\/globalyatirim.com.tr\/tr\/\"},{\"@type\":\"ListItem\",\"position\":2,\"name\":\"Yat\u0131r\u0131mlar\"}]},{\"@type\":\"WebSite\",\"@id\":\"https:\/\/globalyatirim.com.tr\/tr\/#website\",\"url\":\"https:\/\/globalyatirim.com.tr\/tr\/\",\"name\":\"Globalyat\u0131r\u0131m Holding\",\"description\":\"\",\"publisher\":{\"@id\":\"https:\/\/globalyatirim.com.tr\/tr\/#organization\"},\"potentialAction\":[{\"@type\":\"SearchAction\",\"target\":{\"@type\":\"EntryPoint\",\"urlTemplate\":\"https:\/\/globalyatirim.com.tr\/tr\/?s={search_term_string}\"},\"query-input\":{\"@type\":\"PropertyValueSpecification\",\"valueRequired\":true,\"valueName\":\"search_term_string\"}}],\"inLanguage\":\"tr\"},{\"@type\":\"Organization\",\"@id\":\"https:\/\/globalyatirim.com.tr\/tr\/#organization\",\"name\":\"Globalyat\u0131r\u0131m Holding\",\"url\":\"https:\/\/globalyatirim.com.tr\/tr\/\",\"logo\":{\"@type\":\"ImageObject\",\"inLanguage\":\"tr\",\"@id\":\"https:\/\/globalyatirim.com.tr\/tr\/#\/schema\/logo\/image\/\",\"url\":\"https:\/\/globalyatirim.com.tr\/wp-content\/uploads\/2025\/12\/GYHLogo-en.svg\",\"contentUrl\":\"https:\/\/globalyatirim.com.tr\/wp-content\/uploads\/2025\/12\/GYHLogo-en.svg\",\"width\":180,\"height\":40,\"caption\":\"Globalyat\u0131r\u0131m Holding\"},\"image\":{\"@id\":\"https:\/\/globalyatirim.com.tr\/tr\/#\/schema\/logo\/image\/\"},\"sameAs\":[\"https:\/\/www.facebook.com\/GLYHOIR\",\"https:\/\/x.com\/GLYHOIR\",\"https:\/\/www.linkedin.com\/company\/glyhoir\/\",\"https:\/\/www.instagram.com\/globalyatirimholding\/\"]}]}<\/script>\n<!-- \/ Yoast SEO plugin. -->","yoast_head_json":{"title":"Yat\u0131r\u0131mlar - Global Yat\u0131r\u0131m Holding","robots":{"index":"index","follow":"follow","max-snippet":"max-snippet:-1","max-image-preview":"max-image-preview:large","max-video-preview":"max-video-preview:-1"},"canonical":"https:\/\/globalyatirim.com.tr\/tr\/yatirimlar\/","og_locale":"tr_TR","og_type":"article","og_title":"Yat\u0131r\u0131mlar - Global Yat\u0131r\u0131m Holding","og_url":"https:\/\/globalyatirim.com.tr\/tr\/yatirimlar\/","og_site_name":"Global Yat\u0131r\u0131m Holding","article_publisher":"https:\/\/www.facebook.com\/GLYHOIR","article_modified_time":"2024-10-23T09:10:56+00:00","twitter_card":"summary_large_image","twitter_site":"@GLYHOIR","schema":{"@context":"https:\/\/schema.org","@graph":[{"@type":"WebPage","@id":"https:\/\/globalyatirim.com.tr\/tr\/yatirimlar\/","url":"https:\/\/globalyatirim.com.tr\/tr\/yatirimlar\/","name":"Yat\u0131r\u0131mlar - Global Yat\u0131r\u0131m Holding","isPartOf":{"@id":"https:\/\/globalyatirim.com.tr\/tr\/#website"},"datePublished":"2024-05-13T23:12:19+00:00","dateModified":"2024-10-23T09:10:56+00:00","breadcrumb":{"@id":"https:\/\/globalyatirim.com.tr\/tr\/yatirimlar\/#breadcrumb"},"inLanguage":"tr","potentialAction":[{"@type":"ReadAction","target":["https:\/\/globalyatirim.com.tr\/tr\/yatirimlar\/"]}]},{"@type":"BreadcrumbList","@id":"https:\/\/globalyatirim.com.tr\/tr\/yatirimlar\/#breadcrumb","itemListElement":[{"@type":"ListItem","position":1,"name":"Home","item":"https:\/\/globalyatirim.com.tr\/tr\/"},{"@type":"ListItem","position":2,"name":"Yat\u0131r\u0131mlar"}]},{"@type":"WebSite","@id":"https:\/\/globalyatirim.com.tr\/tr\/#website","url":"https:\/\/globalyatirim.com.tr\/tr\/","name":"Globalyat\u0131r\u0131m Holding","description":"","publisher":{"@id":"https:\/\/globalyatirim.com.tr\/tr\/#organization"},"potentialAction":[{"@type":"SearchAction","target":{"@type":"EntryPoint","urlTemplate":"https:\/\/globalyatirim.com.tr\/tr\/?s={search_term_string}"},"query-input":{"@type":"PropertyValueSpecification","valueRequired":true,"valueName":"search_term_string"}}],"inLanguage":"tr"},{"@type":"Organization","@id":"https:\/\/globalyatirim.com.tr\/tr\/#organization","name":"Globalyat\u0131r\u0131m Holding","url":"https:\/\/globalyatirim.com.tr\/tr\/","logo":{"@type":"ImageObject","inLanguage":"tr","@id":"https:\/\/globalyatirim.com.tr\/tr\/#\/schema\/logo\/image\/","url":"https:\/\/globalyatirim.com.tr\/wp-content\/uploads\/2025\/12\/GYHLogo-en.svg","contentUrl":"https:\/\/globalyatirim.com.tr\/wp-content\/uploads\/2025\/12\/GYHLogo-en.svg","width":180,"height":40,"caption":"Globalyat\u0131r\u0131m Holding"},"image":{"@id":"https:\/\/globalyatirim.com.tr\/tr\/#\/schema\/logo\/image\/"},"sameAs":["https:\/\/www.facebook.com\/GLYHOIR","https:\/\/x.com\/GLYHOIR","https:\/\/www.linkedin.com\/company\/glyhoir\/","https:\/\/www.instagram.com\/globalyatirimholding\/"]}]}},"_links":{"self":[{"href":"https:\/\/globalyatirim.com.tr\/tr\/wp-json\/wp\/v2\/pages\/1999","targetHints":{"allow":["GET"]}}],"collection":[{"href":"https:\/\/globalyatirim.com.tr\/tr\/wp-json\/wp\/v2\/pages"}],"about":[{"href":"https:\/\/globalyatirim.com.tr\/tr\/wp-json\/wp\/v2\/types\/page"}],"author":[{"embeddable":true,"href":"https:\/\/globalyatirim.com.tr\/tr\/wp-json\/wp\/v2\/users\/1"}],"replies":[{"embeddable":true,"href":"https:\/\/globalyatirim.com.tr\/tr\/wp-json\/wp\/v2\/comments?post=1999"}],"version-history":[{"count":13,"href":"https:\/\/globalyatirim.com.tr\/tr\/wp-json\/wp\/v2\/pages\/1999\/revisions"}],"predecessor-version":[{"id":5708,"href":"https:\/\/globalyatirim.com.tr\/tr\/wp-json\/wp\/v2\/pages\/1999\/revisions\/5708"}],"wp:attachment":[{"href":"https:\/\/globalyatirim.com.tr\/tr\/wp-json\/wp\/v2\/media?parent=1999"}],"curies":[{"name":"wp","href":"https:\/\/api.w.org\/{rel}","templated":true}]}}