{"id":2037,"date":"2024-04-26T15:03:57","date_gmt":"2024-04-26T15:03:57","guid":{"rendered":"https:\/\/globalyatirim.com.tr\/sustainability-corporate-citizenship\/"},"modified":"2024-12-10T02:28:03","modified_gmt":"2024-12-10T02:28:03","slug":"surdurulebilirlik-kurumsal-vatandaslik","status":"publish","type":"page","link":"https:\/\/globalyatirim.com.tr\/tr\/surdurulebilirlik-kurumsal-vatandaslik\/","title":{"rendered":"S\u00fcrd\u00fcr\u00fclebilirlik Kurumsal Vatanda\u015fl\u0131k"},"content":{"rendered":"\n\n  <!-- main-head -->\n  <section class=\"shared-main-head\">\n      <div class=\"video-holder bg-img\">\n          <img decoding=\"async\" data-src=\"https:\/\/globalyatirim.com.tr\/wp-content\/uploads\/2024\/05\/Corporate-Citizenship.jpg\" alt=\"\" class=\"w-100 lazyload\" src=\"data:image\/svg+xml;base64,PHN2ZyB3aWR0aD0iMSIgaGVpZ2h0PSIxIiB4bWxucz0iaHR0cDovL3d3dy53My5vcmcvMjAwMC9zdmciPjwvc3ZnPg==\" style=\"--smush-placeholder-width: 1920px; --smush-placeholder-aspect-ratio: 1920\/840;\">\n      <\/div>\n      <span class=\"line d-none\"><\/span>\n      <div class=\"content-holder d-flex flex-column align-items-center col-lg-4 px-0\">\n          <nav aria-label=\"breadcrumb\">\n              <ol class=\"breadcrumb\">\n                  <li class=\"breadcrumb-item\"><a href=\"https:\/\/globalyatirim.com.tr\/tr\/\">Anasayfa<\/a><\/li>\n                  <li class=\"breadcrumb-item active\" aria-current=\"page\">S\u00fcrd\u00fcr\u00fclebilirlik Kurumsal Vatanda\u015fl\u0131k  <\/li>\n              <\/ol>\n          <\/nav>\n          <h1 class=\"title-big text-center\"><\/h1>\n          <p class=\"desc-big-white text-center\"><\/p>\n      <\/div>\n    <\/section>\n    <!-- main-head -->\n","protected":false},"excerpt":{"rendered":"","protected":false},"author":1,"featured_media":0,"parent":0,"menu_order":0,"comment_status":"closed","ping_status":"closed","template":"pages\/sustainability-corporate-citizenship.php","meta":{"_acf_changed":false,"footnotes":""},"class_list":["post-2037","page","type-page","status-publish","hentry"],"acf":[],"yoast_head":"<!-- This site is optimized with the Yoast SEO plugin v26.5 - https:\/\/yoast.com\/wordpress\/plugins\/seo\/ -->\n<title>S\u00fcrd\u00fcr\u00fclebilirlik Kurumsal Vatanda\u015fl\u0131k - Global Yat\u0131r\u0131m Holding<\/title>\n<meta name=\"robots\" content=\"index, follow, max-snippet:-1, max-image-preview:large, max-video-preview:-1\" \/>\n<link rel=\"canonical\" href=\"https:\/\/globalyatirim.com.tr\/tr\/surdurulebilirlik-kurumsal-vatandaslik\/\" \/>\n<meta property=\"og:locale\" content=\"tr_TR\" \/>\n<meta property=\"og:type\" content=\"article\" \/>\n<meta property=\"og:title\" content=\"S\u00fcrd\u00fcr\u00fclebilirlik Kurumsal Vatanda\u015fl\u0131k - Global Yat\u0131r\u0131m Holding\" \/>\n<meta property=\"og:url\" content=\"https:\/\/globalyatirim.com.tr\/tr\/surdurulebilirlik-kurumsal-vatandaslik\/\" \/>\n<meta property=\"og:site_name\" content=\"Global Yat\u0131r\u0131m Holding\" \/>\n<meta property=\"article:publisher\" content=\"https:\/\/www.facebook.com\/GLYHOIR\" \/>\n<meta property=\"article:modified_time\" content=\"2024-12-10T02:28:03+00:00\" \/>\n<meta name=\"twitter:card\" content=\"summary_large_image\" \/>\n<meta name=\"twitter:site\" content=\"@GLYHOIR\" \/>\n<script type=\"application\/ld+json\" class=\"yoast-schema-graph\">{\"@context\":\"https:\/\/schema.org\",\"@graph\":[{\"@type\":\"WebPage\",\"@id\":\"https:\/\/globalyatirim.com.tr\/tr\/surdurulebilirlik-kurumsal-vatandaslik\/\",\"url\":\"https:\/\/globalyatirim.com.tr\/tr\/surdurulebilirlik-kurumsal-vatandaslik\/\",\"name\":\"S\u00fcrd\u00fcr\u00fclebilirlik Kurumsal Vatanda\u015fl\u0131k - Global Yat\u0131r\u0131m Holding\",\"isPartOf\":{\"@id\":\"https:\/\/globalyatirim.com.tr\/tr\/#website\"},\"datePublished\":\"2024-04-26T15:03:57+00:00\",\"dateModified\":\"2024-12-10T02:28:03+00:00\",\"breadcrumb\":{\"@id\":\"https:\/\/globalyatirim.com.tr\/tr\/surdurulebilirlik-kurumsal-vatandaslik\/#breadcrumb\"},\"inLanguage\":\"tr\",\"potentialAction\":[{\"@type\":\"ReadAction\",\"target\":[\"https:\/\/globalyatirim.com.tr\/tr\/surdurulebilirlik-kurumsal-vatandaslik\/\"]}]},{\"@type\":\"BreadcrumbList\",\"@id\":\"https:\/\/globalyatirim.com.tr\/tr\/surdurulebilirlik-kurumsal-vatandaslik\/#breadcrumb\",\"itemListElement\":[{\"@type\":\"ListItem\",\"position\":1,\"name\":\"Home\",\"item\":\"https:\/\/globalyatirim.com.tr\/tr\/\"},{\"@type\":\"ListItem\",\"position\":2,\"name\":\"S\u00fcrd\u00fcr\u00fclebilirlik Kurumsal Vatanda\u015fl\u0131k\"}]},{\"@type\":\"WebSite\",\"@id\":\"https:\/\/globalyatirim.com.tr\/tr\/#website\",\"url\":\"https:\/\/globalyatirim.com.tr\/tr\/\",\"name\":\"Globalyat\u0131r\u0131m Holding\",\"description\":\"\",\"publisher\":{\"@id\":\"https:\/\/globalyatirim.com.tr\/tr\/#organization\"},\"potentialAction\":[{\"@type\":\"SearchAction\",\"target\":{\"@type\":\"EntryPoint\",\"urlTemplate\":\"https:\/\/globalyatirim.com.tr\/tr\/?s={search_term_string}\"},\"query-input\":{\"@type\":\"PropertyValueSpecification\",\"valueRequired\":true,\"valueName\":\"search_term_string\"}}],\"inLanguage\":\"tr\"},{\"@type\":\"Organization\",\"@id\":\"https:\/\/globalyatirim.com.tr\/tr\/#organization\",\"name\":\"Globalyat\u0131r\u0131m Holding\",\"url\":\"https:\/\/globalyatirim.com.tr\/tr\/\",\"logo\":{\"@type\":\"ImageObject\",\"inLanguage\":\"tr\",\"@id\":\"https:\/\/globalyatirim.com.tr\/tr\/#\/schema\/logo\/image\/\",\"url\":\"https:\/\/globalyatirim.com.tr\/wp-content\/uploads\/2025\/12\/GYHLogo-en.svg\",\"contentUrl\":\"https:\/\/globalyatirim.com.tr\/wp-content\/uploads\/2025\/12\/GYHLogo-en.svg\",\"width\":180,\"height\":40,\"caption\":\"Globalyat\u0131r\u0131m Holding\"},\"image\":{\"@id\":\"https:\/\/globalyatirim.com.tr\/tr\/#\/schema\/logo\/image\/\"},\"sameAs\":[\"https:\/\/www.facebook.com\/GLYHOIR\",\"https:\/\/x.com\/GLYHOIR\",\"https:\/\/www.linkedin.com\/company\/glyhoir\/\",\"https:\/\/www.instagram.com\/globalyatirimholding\/\"]}]}<\/script>\n<!-- \/ Yoast SEO plugin. -->","yoast_head_json":{"title":"S\u00fcrd\u00fcr\u00fclebilirlik Kurumsal Vatanda\u015fl\u0131k - Global Yat\u0131r\u0131m Holding","robots":{"index":"index","follow":"follow","max-snippet":"max-snippet:-1","max-image-preview":"max-image-preview:large","max-video-preview":"max-video-preview:-1"},"canonical":"https:\/\/globalyatirim.com.tr\/tr\/surdurulebilirlik-kurumsal-vatandaslik\/","og_locale":"tr_TR","og_type":"article","og_title":"S\u00fcrd\u00fcr\u00fclebilirlik Kurumsal Vatanda\u015fl\u0131k - Global Yat\u0131r\u0131m Holding","og_url":"https:\/\/globalyatirim.com.tr\/tr\/surdurulebilirlik-kurumsal-vatandaslik\/","og_site_name":"Global Yat\u0131r\u0131m Holding","article_publisher":"https:\/\/www.facebook.com\/GLYHOIR","article_modified_time":"2024-12-10T02:28:03+00:00","twitter_card":"summary_large_image","twitter_site":"@GLYHOIR","schema":{"@context":"https:\/\/schema.org","@graph":[{"@type":"WebPage","@id":"https:\/\/globalyatirim.com.tr\/tr\/surdurulebilirlik-kurumsal-vatandaslik\/","url":"https:\/\/globalyatirim.com.tr\/tr\/surdurulebilirlik-kurumsal-vatandaslik\/","name":"S\u00fcrd\u00fcr\u00fclebilirlik Kurumsal Vatanda\u015fl\u0131k - Global Yat\u0131r\u0131m Holding","isPartOf":{"@id":"https:\/\/globalyatirim.com.tr\/tr\/#website"},"datePublished":"2024-04-26T15:03:57+00:00","dateModified":"2024-12-10T02:28:03+00:00","breadcrumb":{"@id":"https:\/\/globalyatirim.com.tr\/tr\/surdurulebilirlik-kurumsal-vatandaslik\/#breadcrumb"},"inLanguage":"tr","potentialAction":[{"@type":"ReadAction","target":["https:\/\/globalyatirim.com.tr\/tr\/surdurulebilirlik-kurumsal-vatandaslik\/"]}]},{"@type":"BreadcrumbList","@id":"https:\/\/globalyatirim.com.tr\/tr\/surdurulebilirlik-kurumsal-vatandaslik\/#breadcrumb","itemListElement":[{"@type":"ListItem","position":1,"name":"Home","item":"https:\/\/globalyatirim.com.tr\/tr\/"},{"@type":"ListItem","position":2,"name":"S\u00fcrd\u00fcr\u00fclebilirlik Kurumsal Vatanda\u015fl\u0131k"}]},{"@type":"WebSite","@id":"https:\/\/globalyatirim.com.tr\/tr\/#website","url":"https:\/\/globalyatirim.com.tr\/tr\/","name":"Globalyat\u0131r\u0131m Holding","description":"","publisher":{"@id":"https:\/\/globalyatirim.com.tr\/tr\/#organization"},"potentialAction":[{"@type":"SearchAction","target":{"@type":"EntryPoint","urlTemplate":"https:\/\/globalyatirim.com.tr\/tr\/?s={search_term_string}"},"query-input":{"@type":"PropertyValueSpecification","valueRequired":true,"valueName":"search_term_string"}}],"inLanguage":"tr"},{"@type":"Organization","@id":"https:\/\/globalyatirim.com.tr\/tr\/#organization","name":"Globalyat\u0131r\u0131m Holding","url":"https:\/\/globalyatirim.com.tr\/tr\/","logo":{"@type":"ImageObject","inLanguage":"tr","@id":"https:\/\/globalyatirim.com.tr\/tr\/#\/schema\/logo\/image\/","url":"https:\/\/globalyatirim.com.tr\/wp-content\/uploads\/2025\/12\/GYHLogo-en.svg","contentUrl":"https:\/\/globalyatirim.com.tr\/wp-content\/uploads\/2025\/12\/GYHLogo-en.svg","width":180,"height":40,"caption":"Globalyat\u0131r\u0131m Holding"},"image":{"@id":"https:\/\/globalyatirim.com.tr\/tr\/#\/schema\/logo\/image\/"},"sameAs":["https:\/\/www.facebook.com\/GLYHOIR","https:\/\/x.com\/GLYHOIR","https:\/\/www.linkedin.com\/company\/glyhoir\/","https:\/\/www.instagram.com\/globalyatirimholding\/"]}]}},"_links":{"self":[{"href":"https:\/\/globalyatirim.com.tr\/tr\/wp-json\/wp\/v2\/pages\/2037","targetHints":{"allow":["GET"]}}],"collection":[{"href":"https:\/\/globalyatirim.com.tr\/tr\/wp-json\/wp\/v2\/pages"}],"about":[{"href":"https:\/\/globalyatirim.com.tr\/tr\/wp-json\/wp\/v2\/types\/page"}],"author":[{"embeddable":true,"href":"https:\/\/globalyatirim.com.tr\/tr\/wp-json\/wp\/v2\/users\/1"}],"replies":[{"embeddable":true,"href":"https:\/\/globalyatirim.com.tr\/tr\/wp-json\/wp\/v2\/comments?post=2037"}],"version-history":[{"count":9,"href":"https:\/\/globalyatirim.com.tr\/tr\/wp-json\/wp\/v2\/pages\/2037\/revisions"}],"predecessor-version":[{"id":5950,"href":"https:\/\/globalyatirim.com.tr\/tr\/wp-json\/wp\/v2\/pages\/2037\/revisions\/5950"}],"wp:attachment":[{"href":"https:\/\/globalyatirim.com.tr\/tr\/wp-json\/wp\/v2\/media?parent=2037"}],"curies":[{"name":"wp","href":"https:\/\/api.w.org\/{rel}","templated":true}]}}