{"id":2394,"date":"2024-05-28T18:09:47","date_gmt":"2024-05-28T18:09:47","guid":{"rendered":"https:\/\/globalyatirim.com.tr\/press-releases\/"},"modified":"2024-07-11T06:27:09","modified_gmt":"2024-07-11T06:27:09","slug":"basin-aciklamalari","status":"publish","type":"page","link":"https:\/\/globalyatirim.com.tr\/tr\/duyurular\/basin-aciklamalari\/","title":{"rendered":"Bas\u0131n A\u00e7\u0131klamalar\u0131"},"content":{"rendered":"\n\n<!-- tab yap\u0131lar -->\n<section id=\"tabs\" class=\"py-0\">\n\n    <div class=\"container tab-swiper d-flex justify-content-center align-items-center\">\n        <a href=\"javascript:void(0);\" class=\"slider-button prev-button circle-arrow-btn arrow-left btn-black\">\n            <img decoding=\"async\" data-src=\"https:\/\/globalyatirim.com.tr\/wp-content\/themes\/mbcthemes\/assets\/img\/\nicons\/arrow-white.svg\" alt=\"\" src=\"data:image\/svg+xml;base64,PHN2ZyB3aWR0aD0iMSIgaGVpZ2h0PSIxIiB4bWxucz0iaHR0cDovL3d3dy53My5vcmcvMjAwMC9zdmciPjwvc3ZnPg==\" class=\"lazyload\">\n        <\/a>\n        <div class=\"swiper-holder\">\n            <div class=\"swiper\">\n                <div class=\"swiper-wrapper\">\n                                                                            <a href=\"https:\/\/globalyatirim.com.tr\/tr\/duyurular\/ozel-durum-aciklamalari\/\/#tabs\" data-target=\"#tab-1\" aria-expanded=\"false\" class=\"tab desc-gray swiper-slide\">\u00d6zel Durum A\u00e7\u0131klamalar\u0131<\/a>\n                                                                                                                    <a href=\"https:\/\/globalyatirim.com.tr\/tr\/duyurular\/basin-aciklamalari\/\/#tabs\" data-target=\"#tab-1\" aria-expanded=\"true\" class=\"tab desc-gray swiper-slide\">Bas\u0131n A\u00e7\u0131klamalar\u0131<\/a>\n                                                                                                                    <a href=\"https:\/\/globalyatirim.com.tr\/tr\/diger-duyurular\/\/#tabs\" data-target=\"#tab-1\" aria-expanded=\"false\" class=\"tab desc-gray swiper-slide\">Di\u011fer Duyurular<\/a>\n                                                                                                                    <a href=\"https:\/\/globalyatirim.com.tr\/tr\/duyurular\/sermaye-artirimi-azaltimi\/\/#tabs\" data-target=\"#tab-1\" aria-expanded=\"false\" class=\"tab desc-gray swiper-slide\">Sermaye Art\u0131r\u0131m\u0131 &#8211; Azalt\u0131m\u0131<\/a>\n                                                                                                                        <\/div>\n\n            <\/div>\n        <\/div>\n        <a href=\"javascript:void(0);\" class=\"slider-button next-button circle-arrow-btn arrow-right btn-black\">\n            <img decoding=\"async\" data-src=\"https:\/\/globalyatirim.com.tr\/wp-content\/themes\/mbcthemes\/assets\/img\/\nicons\/arrow-white.svg\" alt=\"\" src=\"data:image\/svg+xml;base64,PHN2ZyB3aWR0aD0iMSIgaGVpZ2h0PSIxIiB4bWxucz0iaHR0cDovL3d3dy53My5vcmcvMjAwMC9zdmciPjwvc3ZnPg==\" class=\"lazyload\">\n        <\/a>\n    <\/div>\n\n  \n\n<\/section>\n<!-- tab yap\u0131lar -->\n\n\n<style>\n    .prev-button, .next-button {\n    display: none !important;\n}\n<\/style>","protected":false},"excerpt":{"rendered":"","protected":false},"author":1,"featured_media":0,"parent":2390,"menu_order":0,"comment_status":"closed","ping_status":"closed","template":"pages\/press-releases.temp.php","meta":{"_acf_changed":false,"footnotes":""},"class_list":["post-2394","page","type-page","status-publish","hentry"],"acf":[],"yoast_head":"<!-- This site is optimized with the Yoast SEO plugin v26.5 - https:\/\/yoast.com\/wordpress\/plugins\/seo\/ -->\n<title>Bas\u0131n A\u00e7\u0131klamalar\u0131 - Global Yat\u0131r\u0131m Holding<\/title>\n<meta name=\"robots\" content=\"index, follow, max-snippet:-1, max-image-preview:large, max-video-preview:-1\" \/>\n<link rel=\"canonical\" href=\"https:\/\/globalyatirim.com.tr\/tr\/duyurular\/basin-aciklamalari\/\" \/>\n<meta property=\"og:locale\" content=\"tr_TR\" \/>\n<meta property=\"og:type\" content=\"article\" \/>\n<meta property=\"og:title\" content=\"Bas\u0131n A\u00e7\u0131klamalar\u0131 - Global Yat\u0131r\u0131m Holding\" \/>\n<meta property=\"og:url\" content=\"https:\/\/globalyatirim.com.tr\/tr\/duyurular\/basin-aciklamalari\/\" \/>\n<meta property=\"og:site_name\" content=\"Global Yat\u0131r\u0131m Holding\" \/>\n<meta property=\"article:publisher\" content=\"https:\/\/www.facebook.com\/GLYHOIR\" \/>\n<meta property=\"article:modified_time\" content=\"2024-07-11T06:27:09+00:00\" \/>\n<meta name=\"twitter:card\" content=\"summary_large_image\" \/>\n<meta name=\"twitter:site\" content=\"@GLYHOIR\" \/>\n<script type=\"application\/ld+json\" class=\"yoast-schema-graph\">{\"@context\":\"https:\/\/schema.org\",\"@graph\":[{\"@type\":\"WebPage\",\"@id\":\"https:\/\/globalyatirim.com.tr\/tr\/duyurular\/basin-aciklamalari\/\",\"url\":\"https:\/\/globalyatirim.com.tr\/tr\/duyurular\/basin-aciklamalari\/\",\"name\":\"Bas\u0131n A\u00e7\u0131klamalar\u0131 - Global Yat\u0131r\u0131m Holding\",\"isPartOf\":{\"@id\":\"https:\/\/globalyatirim.com.tr\/tr\/#website\"},\"datePublished\":\"2024-05-28T18:09:47+00:00\",\"dateModified\":\"2024-07-11T06:27:09+00:00\",\"breadcrumb\":{\"@id\":\"https:\/\/globalyatirim.com.tr\/tr\/duyurular\/basin-aciklamalari\/#breadcrumb\"},\"inLanguage\":\"tr\",\"potentialAction\":[{\"@type\":\"ReadAction\",\"target\":[\"https:\/\/globalyatirim.com.tr\/tr\/duyurular\/basin-aciklamalari\/\"]}]},{\"@type\":\"BreadcrumbList\",\"@id\":\"https:\/\/globalyatirim.com.tr\/tr\/duyurular\/basin-aciklamalari\/#breadcrumb\",\"itemListElement\":[{\"@type\":\"ListItem\",\"position\":1,\"name\":\"Home\",\"item\":\"https:\/\/globalyatirim.com.tr\/tr\/\"},{\"@type\":\"ListItem\",\"position\":2,\"name\":\"Duyurular\",\"item\":\"https:\/\/globalyatirim.com.tr\/tr\/duyurular\/\"},{\"@type\":\"ListItem\",\"position\":3,\"name\":\"Bas\u0131n A\u00e7\u0131klamalar\u0131\"}]},{\"@type\":\"WebSite\",\"@id\":\"https:\/\/globalyatirim.com.tr\/tr\/#website\",\"url\":\"https:\/\/globalyatirim.com.tr\/tr\/\",\"name\":\"Globalyat\u0131r\u0131m Holding\",\"description\":\"\",\"publisher\":{\"@id\":\"https:\/\/globalyatirim.com.tr\/tr\/#organization\"},\"potentialAction\":[{\"@type\":\"SearchAction\",\"target\":{\"@type\":\"EntryPoint\",\"urlTemplate\":\"https:\/\/globalyatirim.com.tr\/tr\/?s={search_term_string}\"},\"query-input\":{\"@type\":\"PropertyValueSpecification\",\"valueRequired\":true,\"valueName\":\"search_term_string\"}}],\"inLanguage\":\"tr\"},{\"@type\":\"Organization\",\"@id\":\"https:\/\/globalyatirim.com.tr\/tr\/#organization\",\"name\":\"Globalyat\u0131r\u0131m Holding\",\"url\":\"https:\/\/globalyatirim.com.tr\/tr\/\",\"logo\":{\"@type\":\"ImageObject\",\"inLanguage\":\"tr\",\"@id\":\"https:\/\/globalyatirim.com.tr\/tr\/#\/schema\/logo\/image\/\",\"url\":\"https:\/\/globalyatirim.com.tr\/wp-content\/uploads\/2025\/12\/GYHLogo-en.svg\",\"contentUrl\":\"https:\/\/globalyatirim.com.tr\/wp-content\/uploads\/2025\/12\/GYHLogo-en.svg\",\"width\":180,\"height\":40,\"caption\":\"Globalyat\u0131r\u0131m Holding\"},\"image\":{\"@id\":\"https:\/\/globalyatirim.com.tr\/tr\/#\/schema\/logo\/image\/\"},\"sameAs\":[\"https:\/\/www.facebook.com\/GLYHOIR\",\"https:\/\/x.com\/GLYHOIR\",\"https:\/\/www.linkedin.com\/company\/glyhoir\/\",\"https:\/\/www.instagram.com\/globalyatirimholding\/\"]}]}<\/script>\n<!-- \/ Yoast SEO plugin. -->","yoast_head_json":{"title":"Bas\u0131n A\u00e7\u0131klamalar\u0131 - Global Yat\u0131r\u0131m Holding","robots":{"index":"index","follow":"follow","max-snippet":"max-snippet:-1","max-image-preview":"max-image-preview:large","max-video-preview":"max-video-preview:-1"},"canonical":"https:\/\/globalyatirim.com.tr\/tr\/duyurular\/basin-aciklamalari\/","og_locale":"tr_TR","og_type":"article","og_title":"Bas\u0131n A\u00e7\u0131klamalar\u0131 - Global Yat\u0131r\u0131m Holding","og_url":"https:\/\/globalyatirim.com.tr\/tr\/duyurular\/basin-aciklamalari\/","og_site_name":"Global Yat\u0131r\u0131m Holding","article_publisher":"https:\/\/www.facebook.com\/GLYHOIR","article_modified_time":"2024-07-11T06:27:09+00:00","twitter_card":"summary_large_image","twitter_site":"@GLYHOIR","schema":{"@context":"https:\/\/schema.org","@graph":[{"@type":"WebPage","@id":"https:\/\/globalyatirim.com.tr\/tr\/duyurular\/basin-aciklamalari\/","url":"https:\/\/globalyatirim.com.tr\/tr\/duyurular\/basin-aciklamalari\/","name":"Bas\u0131n A\u00e7\u0131klamalar\u0131 - Global Yat\u0131r\u0131m Holding","isPartOf":{"@id":"https:\/\/globalyatirim.com.tr\/tr\/#website"},"datePublished":"2024-05-28T18:09:47+00:00","dateModified":"2024-07-11T06:27:09+00:00","breadcrumb":{"@id":"https:\/\/globalyatirim.com.tr\/tr\/duyurular\/basin-aciklamalari\/#breadcrumb"},"inLanguage":"tr","potentialAction":[{"@type":"ReadAction","target":["https:\/\/globalyatirim.com.tr\/tr\/duyurular\/basin-aciklamalari\/"]}]},{"@type":"BreadcrumbList","@id":"https:\/\/globalyatirim.com.tr\/tr\/duyurular\/basin-aciklamalari\/#breadcrumb","itemListElement":[{"@type":"ListItem","position":1,"name":"Home","item":"https:\/\/globalyatirim.com.tr\/tr\/"},{"@type":"ListItem","position":2,"name":"Duyurular","item":"https:\/\/globalyatirim.com.tr\/tr\/duyurular\/"},{"@type":"ListItem","position":3,"name":"Bas\u0131n A\u00e7\u0131klamalar\u0131"}]},{"@type":"WebSite","@id":"https:\/\/globalyatirim.com.tr\/tr\/#website","url":"https:\/\/globalyatirim.com.tr\/tr\/","name":"Globalyat\u0131r\u0131m Holding","description":"","publisher":{"@id":"https:\/\/globalyatirim.com.tr\/tr\/#organization"},"potentialAction":[{"@type":"SearchAction","target":{"@type":"EntryPoint","urlTemplate":"https:\/\/globalyatirim.com.tr\/tr\/?s={search_term_string}"},"query-input":{"@type":"PropertyValueSpecification","valueRequired":true,"valueName":"search_term_string"}}],"inLanguage":"tr"},{"@type":"Organization","@id":"https:\/\/globalyatirim.com.tr\/tr\/#organization","name":"Globalyat\u0131r\u0131m Holding","url":"https:\/\/globalyatirim.com.tr\/tr\/","logo":{"@type":"ImageObject","inLanguage":"tr","@id":"https:\/\/globalyatirim.com.tr\/tr\/#\/schema\/logo\/image\/","url":"https:\/\/globalyatirim.com.tr\/wp-content\/uploads\/2025\/12\/GYHLogo-en.svg","contentUrl":"https:\/\/globalyatirim.com.tr\/wp-content\/uploads\/2025\/12\/GYHLogo-en.svg","width":180,"height":40,"caption":"Globalyat\u0131r\u0131m Holding"},"image":{"@id":"https:\/\/globalyatirim.com.tr\/tr\/#\/schema\/logo\/image\/"},"sameAs":["https:\/\/www.facebook.com\/GLYHOIR","https:\/\/x.com\/GLYHOIR","https:\/\/www.linkedin.com\/company\/glyhoir\/","https:\/\/www.instagram.com\/globalyatirimholding\/"]}]}},"_links":{"self":[{"href":"https:\/\/globalyatirim.com.tr\/tr\/wp-json\/wp\/v2\/pages\/2394","targetHints":{"allow":["GET"]}}],"collection":[{"href":"https:\/\/globalyatirim.com.tr\/tr\/wp-json\/wp\/v2\/pages"}],"about":[{"href":"https:\/\/globalyatirim.com.tr\/tr\/wp-json\/wp\/v2\/types\/page"}],"author":[{"embeddable":true,"href":"https:\/\/globalyatirim.com.tr\/tr\/wp-json\/wp\/v2\/users\/1"}],"replies":[{"embeddable":true,"href":"https:\/\/globalyatirim.com.tr\/tr\/wp-json\/wp\/v2\/comments?post=2394"}],"version-history":[{"count":17,"href":"https:\/\/globalyatirim.com.tr\/tr\/wp-json\/wp\/v2\/pages\/2394\/revisions"}],"predecessor-version":[{"id":4028,"href":"https:\/\/globalyatirim.com.tr\/tr\/wp-json\/wp\/v2\/pages\/2394\/revisions\/4028"}],"up":[{"embeddable":true,"href":"https:\/\/globalyatirim.com.tr\/tr\/wp-json\/wp\/v2\/pages\/2390"}],"wp:attachment":[{"href":"https:\/\/globalyatirim.com.tr\/tr\/wp-json\/wp\/v2\/media?parent=2394"}],"curies":[{"name":"wp","href":"https:\/\/api.w.org\/{rel}","templated":true}]}}