{"id":924,"date":"2024-05-06T00:41:33","date_gmt":"2024-05-06T00:41:33","guid":{"rendered":"https:\/\/globalyatirim.com.tr\/chairmans-message\/"},"modified":"2024-05-06T21:43:17","modified_gmt":"2024-05-06T21:43:17","slug":"yonetim-kurulu-baskaninin-mesaji","status":"publish","type":"page","link":"https:\/\/globalyatirim.com.tr\/tr\/yonetim-kurulu-baskaninin-mesaji\/","title":{"rendered":"Y\u00f6netim Kurulu Ba\u015fkan\u0131\u2019n\u0131n Mesaj\u0131"},"content":{"rendered":"\n\n  <!-- main-head -->\n  <section class=\"shared-main-head\">\n      <div class=\"video-holder bg-img\">\n          <img decoding=\"async\" data-src=\"https:\/\/globalyatirim.com.tr\/wp-content\/uploads\/2024\/05\/about-banner.jpg\" alt=\"\" class=\"w-100 lazyload\" src=\"data:image\/svg+xml;base64,PHN2ZyB3aWR0aD0iMSIgaGVpZ2h0PSIxIiB4bWxucz0iaHR0cDovL3d3dy53My5vcmcvMjAwMC9zdmciPjwvc3ZnPg==\" style=\"--smush-placeholder-width: 1920px; --smush-placeholder-aspect-ratio: 1920\/840;\">\n      <\/div>\n      <span class=\"line d-none\"><\/span>\n      <div class=\"content-holder d-flex flex-column align-items-center col-lg-4 px-0\">\n          <nav aria-label=\"breadcrumb\">\n              <ol class=\"breadcrumb\">\n                  <li class=\"breadcrumb-item\"><a href=\"https:\/\/globalyatirim.com.tr\/tr\/\">Anasayfa<\/a><\/li>\n                  <li class=\"breadcrumb-item active\" aria-current=\"page\">Y\u00f6netim Kurulu Ba\u015fkan\u0131\u2019n\u0131n Mesaj\u0131  <\/li>\n              <\/ol>\n          <\/nav>\n          <h1 class=\"title-big text-center\">1990&#8217;dan beri.<\/h1>\n          <p class=\"desc-big-white text-center\">Geli\u015fen sekt\u00f6rlere ve finansal inovasyona odaklanan dinamik yat\u0131r\u0131m arac\u0131<\/p>\n      <\/div>\n    <\/section>\n    <!-- main-head -->\n\n\n\n\n<!-- tab yap\u0131lar -->\n<section id=\"tabs\" class=\"py-0\">\n\n    <div class=\"container tab-swiper d-flex justify-content-center align-items-center\">\n        <a href=\"javascript:void(0);\" class=\"slider-button prev-button circle-arrow-btn arrow-left btn-black\">\n            <img decoding=\"async\" data-src=\"https:\/\/globalyatirim.com.tr\/wp-content\/themes\/mbcthemes\/assets\/img\/\nicons\/arrow-white.svg\" alt=\"\" src=\"data:image\/svg+xml;base64,PHN2ZyB3aWR0aD0iMSIgaGVpZ2h0PSIxIiB4bWxucz0iaHR0cDovL3d3dy53My5vcmcvMjAwMC9zdmciPjwvc3ZnPg==\" class=\"lazyload\">\n        <\/a>\n        <div class=\"swiper-holder\">\n            <div class=\"swiper\">\n                <div class=\"swiper-wrapper\">\n                                                                            <a href=\"https:\/\/globalyatirim.com.tr\/tr\/hakkimizda\/\/#tabs\" data-target=\"#tab-1\" aria-expanded=\"false\" class=\"tab desc-gray swiper-slide\">Hakk\u0131m\u0131zda<\/a>\n                                                                                                                    <a href=\"https:\/\/globalyatirim.com.tr\/tr\/yonetim-kurulu-baskaninin-mesaji\/\/#tabs\" data-target=\"#tab-1\" aria-expanded=\"true\" class=\"tab desc-gray swiper-slide\">Y\u00f6netim Kurulu Ba\u015fkan\u0131\u2019n\u0131n Mesaj\u0131<\/a>\n                                                                                                                    <a href=\"https:\/\/globalyatirim.com.tr\/tr\/yonetim-kurulu\/\/#tabs\" data-target=\"#tab-1\" aria-expanded=\"false\" class=\"tab desc-gray swiper-slide\">Y\u00f6netim Kurulu<\/a>\n                                                                                                                        <\/div>\n\n            <\/div>\n        <\/div>\n        <a href=\"javascript:void(0);\" class=\"slider-button next-button circle-arrow-btn arrow-right btn-black\">\n            <img decoding=\"async\" data-src=\"https:\/\/globalyatirim.com.tr\/wp-content\/themes\/mbcthemes\/assets\/img\/\nicons\/arrow-white.svg\" alt=\"\" src=\"data:image\/svg+xml;base64,PHN2ZyB3aWR0aD0iMSIgaGVpZ2h0PSIxIiB4bWxucz0iaHR0cDovL3d3dy53My5vcmcvMjAwMC9zdmciPjwvc3ZnPg==\" class=\"lazyload\">\n        <\/a>\n    <\/div>\n\n  \n\n<\/section>\n<!-- tab yap\u0131lar -->\n\n\n<style>\n    .prev-button, .next-button {\n    display: none !important;\n}\n<\/style>\n\n\n<div id=\"tab-2\">\n    <section class=\"position-relative\">\n        <div class=\"shared-background-holder mobile-cover mobile-center mobile-h-100 desktop-cover desktop-top-center\">\n            <img decoding=\"async\" class=\"w-100 lazyload\" data-src=\"https:\/\/globalyatirim.com.tr\/wp-content\/themes\/mbcthemes\/assets\/img\/background-world-gray.png\" alt=\"\" src=\"data:image\/svg+xml;base64,PHN2ZyB3aWR0aD0iMSIgaGVpZ2h0PSIxIiB4bWxucz0iaHR0cDovL3d3dy53My5vcmcvMjAwMC9zdmciPjwvc3ZnPg==\" style=\"--smush-placeholder-width: 1909px; --smush-placeholder-aspect-ratio: 1909\/1055;\">\n        <\/div>\n        <div class=\"container\">\n            <div class=\"img-text-text d-flex justify-content-center\">\n                <div class=\"d-flex flex-column flex-xl-row justify-content-between col-xl-11 col-xxl-10\">\n                    <div class=\"left\">\n                        <img decoding=\"async\" data-src=\"https:\/\/globalyatirim.com.tr\/wp-content\/uploads\/2024\/05\/mehmet-kutman.jpg\" class=\"img-regular mb-1 lazyload\" alt=\"\" src=\"data:image\/svg+xml;base64,PHN2ZyB3aWR0aD0iMSIgaGVpZ2h0PSIxIiB4bWxucz0iaHR0cDovL3d3dy53My5vcmcvMjAwMC9zdmciPjwvc3ZnPg==\" style=\"--smush-placeholder-width: 535px; --smush-placeholder-aspect-ratio: 535\/746;\">\n                        <p class=\"name mb-1 mt-4\">Mehmet Kutman<\/p>\n                        <p class=\"desc-gray\">Y\u00f6netim Kurulu Ba\u015fkan\u0131<\/p>\n                    <\/div>\n                    <div class=\"right d-flex flex-column\">\n                        <div class=\"d-flex\">\n                            <p class=\"desc-big-gray\">De\u011ferlerimize yenilerini katt\u0131\u011f\u0131n\u0131z ve bu s\u00fcre\u00e7te yan\u0131m\u0131zda oldu\u011funuz i\u00e7in sizlere te\u015fekk\u00fcr eder, daha nice 30 y\u0131l\u0131 birlikte kutlamay\u0131 dileriz.<\/p>\n                        <\/div>\n                        <div class=\" d-flex flex-column flex-xl-row justify-content-between\">\n                        <p class=\"desc-gray\">De\u011ferli Payda\u015flar\u0131m\u0131z,<br><br>\r\n\r\n2022, d\u00fcnya i\u00e7in s\u0131k\u0131nt\u0131l\u0131 da olsa \u00f6nemli bir toparlanma y\u0131l\u0131 oldu. Grup olarak 2022\u2019de operasyonlara tam olarak geri d\u00f6nd\u00fck ve kurumsal vizyonumuzun meyvelerini toplamaya ba\u015flad\u0131k.<br><br>\r\n\r\nT\u00fcm bunlar\u0131n \u0131\u015f\u0131\u011f\u0131nda k\u00fcresel ortam\u0131n i\u015ftiraklerimiz i\u00e7in b\u00fcy\u00fck \u00f6l\u00e7\u00fcde olumlu oldu\u011fu s\u00f6yleyebiliriz. Bu olumlu havan\u0131n 2023\u2019te devam etmesini bekliyoruz.<br><br>\r\n\r\nFaaliyet g\u00f6sterdi\u011fimiz t\u00fcm sekt\u00f6rlerde \u00f6nc\u00fc rol\u00fcm\u00fczle s\u00fcrd\u00fcr\u00fclebilir d\u00fcnya hedefine ula\u015fmak i\u00e7in ciddi hedefler belirledik. Portf\u00f6y\u00fcm\u00fczde yer alan t\u00fcm \u015firketlerimizi bu hedefler ile uyumlu bir \u015fekilde y\u00f6netiyoruz. \u0130\u00e7inde bulundu\u011fumuz sekt\u00f6rlerin \u00f6nc\u00fc oyuncular\u0131ndan biri olarak sekt\u00f6r s\u00fcrd\u00fcr\u00fclebilirlik hedeflerine ula\u015f\u0131lmas\u0131nda \u00f6nemli sorumlulu\u011fumuz bulunuyor. <\/p>\n                            <p class=\"desc-gray\">\u00d6rne\u011fin; Kruvaziyer sekt\u00f6r\u00fc s\u00fcrd\u00fcr\u00fclebilir d\u00fcnya hedefleri i\u00e7in sa\u011flad\u0131\u011f\u0131 katk\u0131y\u0131 artt\u0131rman\u0131n yollar\u0131n\u0131 ar\u0131yor. Sekt\u00f6r\u00fcn 2030 y\u0131l\u0131na kadar sera gaz\u0131 emisyonlar\u0131n\u0131 en az y\u00fczde 55 oran\u0131nda azalt\u0131lmas\u0131 konusunda bir hedefi bulunuyor. D\u00fcnyan\u0131n en b\u00fcy\u00fck kruvaziyer liman i\u015fletmecisi olarak biz de bu hedef do\u011frultusunda \u00f6nc\u00fc bir rol oynuyoruz.<br><br>\r\n\r\nGlobal Yat\u0131r\u0131m Holding olarak bu do\u011frultuda verimli enerji kullan\u0131m\u0131, at\u0131klar\u0131n geri d\u00f6n\u00fc\u015f\u00fcm\u00fc, su t\u00fcketimi, yenilenebilir enerji kullan\u0131m\u0131 gibi alanlarda yat\u0131r\u0131mlar ger\u00e7ekle\u015ftiriyor ve s\u00fcrd\u00fcr\u00fclebilirlik hedefleri do\u011frultusunda projeler geli\u015ftiriyor ve y\u00f6netiyoruz.<br><br>\r\n\r\nGlobal Yat\u0131r\u0131m Holding olarak s\u00fcrd\u00fcr\u00fclebilirlik ad\u0131na \u00e7al\u0131\u015ft\u0131\u011f\u0131m\u0131z projelerden baz\u0131lar\u0131; d\u00fc\u015f\u00fck karbon ayak izi projeleri, g\u00fcne\u015f enerjisi kullan\u0131m\u0131, elektrikli ara\u00e7lar\u0131n kullan\u0131m\u0131, okyanus ve gelgitlerden elde edilen g\u00fc\u00e7, destinasyon s\u00fcrd\u00fcr\u00fclebilirli\u011fi, kendi kendine yeten terminallerin geli\u015ftirilmesi ve k\u0131y\u0131 g\u00fc\u00e7 ba\u011flant\u0131s\u0131 projeleri.<\/p>\n                           \n                        <\/div>\n                    <\/div>\n                <\/div>\n            <\/div>\n        <\/div>\n    <\/section>\n    <!-- Img-Text-Text -->\n<\/div>","protected":false},"excerpt":{"rendered":"","protected":false},"author":1,"featured_media":0,"parent":0,"menu_order":0,"comment_status":"closed","ping_status":"closed","template":"pages\/about-us-temp.php","meta":{"_acf_changed":false,"footnotes":""},"class_list":["post-924","page","type-page","status-publish","hentry"],"acf":[],"yoast_head":"<!-- This site is optimized with the Yoast SEO plugin v26.5 - https:\/\/yoast.com\/wordpress\/plugins\/seo\/ -->\n<title>Y\u00f6netim Kurulu Ba\u015fkan\u0131\u2019n\u0131n Mesaj\u0131 - Global Yat\u0131r\u0131m Holding<\/title>\n<meta name=\"robots\" content=\"index, follow, max-snippet:-1, max-image-preview:large, max-video-preview:-1\" \/>\n<link rel=\"canonical\" href=\"https:\/\/globalyatirim.com.tr\/tr\/yonetim-kurulu-baskaninin-mesaji\/\" \/>\n<meta property=\"og:locale\" content=\"tr_TR\" \/>\n<meta property=\"og:type\" content=\"article\" \/>\n<meta property=\"og:title\" content=\"Y\u00f6netim Kurulu Ba\u015fkan\u0131\u2019n\u0131n Mesaj\u0131 - Global Yat\u0131r\u0131m Holding\" \/>\n<meta property=\"og:url\" content=\"https:\/\/globalyatirim.com.tr\/tr\/yonetim-kurulu-baskaninin-mesaji\/\" \/>\n<meta property=\"og:site_name\" content=\"Global Yat\u0131r\u0131m Holding\" \/>\n<meta property=\"article:publisher\" content=\"https:\/\/www.facebook.com\/GLYHOIR\" \/>\n<meta property=\"article:modified_time\" content=\"2024-05-06T21:43:17+00:00\" \/>\n<meta name=\"twitter:card\" content=\"summary_large_image\" \/>\n<meta name=\"twitter:site\" content=\"@GLYHOIR\" \/>\n<script type=\"application\/ld+json\" class=\"yoast-schema-graph\">{\"@context\":\"https:\/\/schema.org\",\"@graph\":[{\"@type\":\"WebPage\",\"@id\":\"https:\/\/globalyatirim.com.tr\/tr\/yonetim-kurulu-baskaninin-mesaji\/\",\"url\":\"https:\/\/globalyatirim.com.tr\/tr\/yonetim-kurulu-baskaninin-mesaji\/\",\"name\":\"Y\u00f6netim Kurulu Ba\u015fkan\u0131\u2019n\u0131n Mesaj\u0131 - Global Yat\u0131r\u0131m Holding\",\"isPartOf\":{\"@id\":\"https:\/\/globalyatirim.com.tr\/tr\/#website\"},\"datePublished\":\"2024-05-06T00:41:33+00:00\",\"dateModified\":\"2024-05-06T21:43:17+00:00\",\"breadcrumb\":{\"@id\":\"https:\/\/globalyatirim.com.tr\/tr\/yonetim-kurulu-baskaninin-mesaji\/#breadcrumb\"},\"inLanguage\":\"tr\",\"potentialAction\":[{\"@type\":\"ReadAction\",\"target\":[\"https:\/\/globalyatirim.com.tr\/tr\/yonetim-kurulu-baskaninin-mesaji\/\"]}]},{\"@type\":\"BreadcrumbList\",\"@id\":\"https:\/\/globalyatirim.com.tr\/tr\/yonetim-kurulu-baskaninin-mesaji\/#breadcrumb\",\"itemListElement\":[{\"@type\":\"ListItem\",\"position\":1,\"name\":\"Home\",\"item\":\"https:\/\/globalyatirim.com.tr\/tr\/\"},{\"@type\":\"ListItem\",\"position\":2,\"name\":\"Y\u00f6netim Kurulu Ba\u015fkan\u0131\u2019n\u0131n Mesaj\u0131\"}]},{\"@type\":\"WebSite\",\"@id\":\"https:\/\/globalyatirim.com.tr\/tr\/#website\",\"url\":\"https:\/\/globalyatirim.com.tr\/tr\/\",\"name\":\"Globalyat\u0131r\u0131m Holding\",\"description\":\"\",\"publisher\":{\"@id\":\"https:\/\/globalyatirim.com.tr\/tr\/#organization\"},\"potentialAction\":[{\"@type\":\"SearchAction\",\"target\":{\"@type\":\"EntryPoint\",\"urlTemplate\":\"https:\/\/globalyatirim.com.tr\/tr\/?s={search_term_string}\"},\"query-input\":{\"@type\":\"PropertyValueSpecification\",\"valueRequired\":true,\"valueName\":\"search_term_string\"}}],\"inLanguage\":\"tr\"},{\"@type\":\"Organization\",\"@id\":\"https:\/\/globalyatirim.com.tr\/tr\/#organization\",\"name\":\"Globalyat\u0131r\u0131m Holding\",\"url\":\"https:\/\/globalyatirim.com.tr\/tr\/\",\"logo\":{\"@type\":\"ImageObject\",\"inLanguage\":\"tr\",\"@id\":\"https:\/\/globalyatirim.com.tr\/tr\/#\/schema\/logo\/image\/\",\"url\":\"https:\/\/globalyatirim.com.tr\/wp-content\/uploads\/2025\/12\/GYHLogo-en.svg\",\"contentUrl\":\"https:\/\/globalyatirim.com.tr\/wp-content\/uploads\/2025\/12\/GYHLogo-en.svg\",\"width\":180,\"height\":40,\"caption\":\"Globalyat\u0131r\u0131m Holding\"},\"image\":{\"@id\":\"https:\/\/globalyatirim.com.tr\/tr\/#\/schema\/logo\/image\/\"},\"sameAs\":[\"https:\/\/www.facebook.com\/GLYHOIR\",\"https:\/\/x.com\/GLYHOIR\",\"https:\/\/www.linkedin.com\/company\/glyhoir\/\",\"https:\/\/www.instagram.com\/globalyatirimholding\/\"]}]}<\/script>\n<!-- \/ Yoast SEO plugin. -->","yoast_head_json":{"title":"Y\u00f6netim Kurulu Ba\u015fkan\u0131\u2019n\u0131n Mesaj\u0131 - Global Yat\u0131r\u0131m Holding","robots":{"index":"index","follow":"follow","max-snippet":"max-snippet:-1","max-image-preview":"max-image-preview:large","max-video-preview":"max-video-preview:-1"},"canonical":"https:\/\/globalyatirim.com.tr\/tr\/yonetim-kurulu-baskaninin-mesaji\/","og_locale":"tr_TR","og_type":"article","og_title":"Y\u00f6netim Kurulu Ba\u015fkan\u0131\u2019n\u0131n Mesaj\u0131 - Global Yat\u0131r\u0131m Holding","og_url":"https:\/\/globalyatirim.com.tr\/tr\/yonetim-kurulu-baskaninin-mesaji\/","og_site_name":"Global Yat\u0131r\u0131m Holding","article_publisher":"https:\/\/www.facebook.com\/GLYHOIR","article_modified_time":"2024-05-06T21:43:17+00:00","twitter_card":"summary_large_image","twitter_site":"@GLYHOIR","schema":{"@context":"https:\/\/schema.org","@graph":[{"@type":"WebPage","@id":"https:\/\/globalyatirim.com.tr\/tr\/yonetim-kurulu-baskaninin-mesaji\/","url":"https:\/\/globalyatirim.com.tr\/tr\/yonetim-kurulu-baskaninin-mesaji\/","name":"Y\u00f6netim Kurulu Ba\u015fkan\u0131\u2019n\u0131n Mesaj\u0131 - Global Yat\u0131r\u0131m Holding","isPartOf":{"@id":"https:\/\/globalyatirim.com.tr\/tr\/#website"},"datePublished":"2024-05-06T00:41:33+00:00","dateModified":"2024-05-06T21:43:17+00:00","breadcrumb":{"@id":"https:\/\/globalyatirim.com.tr\/tr\/yonetim-kurulu-baskaninin-mesaji\/#breadcrumb"},"inLanguage":"tr","potentialAction":[{"@type":"ReadAction","target":["https:\/\/globalyatirim.com.tr\/tr\/yonetim-kurulu-baskaninin-mesaji\/"]}]},{"@type":"BreadcrumbList","@id":"https:\/\/globalyatirim.com.tr\/tr\/yonetim-kurulu-baskaninin-mesaji\/#breadcrumb","itemListElement":[{"@type":"ListItem","position":1,"name":"Home","item":"https:\/\/globalyatirim.com.tr\/tr\/"},{"@type":"ListItem","position":2,"name":"Y\u00f6netim Kurulu Ba\u015fkan\u0131\u2019n\u0131n Mesaj\u0131"}]},{"@type":"WebSite","@id":"https:\/\/globalyatirim.com.tr\/tr\/#website","url":"https:\/\/globalyatirim.com.tr\/tr\/","name":"Globalyat\u0131r\u0131m Holding","description":"","publisher":{"@id":"https:\/\/globalyatirim.com.tr\/tr\/#organization"},"potentialAction":[{"@type":"SearchAction","target":{"@type":"EntryPoint","urlTemplate":"https:\/\/globalyatirim.com.tr\/tr\/?s={search_term_string}"},"query-input":{"@type":"PropertyValueSpecification","valueRequired":true,"valueName":"search_term_string"}}],"inLanguage":"tr"},{"@type":"Organization","@id":"https:\/\/globalyatirim.com.tr\/tr\/#organization","name":"Globalyat\u0131r\u0131m Holding","url":"https:\/\/globalyatirim.com.tr\/tr\/","logo":{"@type":"ImageObject","inLanguage":"tr","@id":"https:\/\/globalyatirim.com.tr\/tr\/#\/schema\/logo\/image\/","url":"https:\/\/globalyatirim.com.tr\/wp-content\/uploads\/2025\/12\/GYHLogo-en.svg","contentUrl":"https:\/\/globalyatirim.com.tr\/wp-content\/uploads\/2025\/12\/GYHLogo-en.svg","width":180,"height":40,"caption":"Globalyat\u0131r\u0131m Holding"},"image":{"@id":"https:\/\/globalyatirim.com.tr\/tr\/#\/schema\/logo\/image\/"},"sameAs":["https:\/\/www.facebook.com\/GLYHOIR","https:\/\/x.com\/GLYHOIR","https:\/\/www.linkedin.com\/company\/glyhoir\/","https:\/\/www.instagram.com\/globalyatirimholding\/"]}]}},"_links":{"self":[{"href":"https:\/\/globalyatirim.com.tr\/tr\/wp-json\/wp\/v2\/pages\/924","targetHints":{"allow":["GET"]}}],"collection":[{"href":"https:\/\/globalyatirim.com.tr\/tr\/wp-json\/wp\/v2\/pages"}],"about":[{"href":"https:\/\/globalyatirim.com.tr\/tr\/wp-json\/wp\/v2\/types\/page"}],"author":[{"embeddable":true,"href":"https:\/\/globalyatirim.com.tr\/tr\/wp-json\/wp\/v2\/users\/1"}],"replies":[{"embeddable":true,"href":"https:\/\/globalyatirim.com.tr\/tr\/wp-json\/wp\/v2\/comments?post=924"}],"version-history":[{"count":10,"href":"https:\/\/globalyatirim.com.tr\/tr\/wp-json\/wp\/v2\/pages\/924\/revisions"}],"predecessor-version":[{"id":951,"href":"https:\/\/globalyatirim.com.tr\/tr\/wp-json\/wp\/v2\/pages\/924\/revisions\/951"}],"wp:attachment":[{"href":"https:\/\/globalyatirim.com.tr\/tr\/wp-json\/wp\/v2\/media?parent=924"}],"curies":[{"name":"wp","href":"https:\/\/api.w.org\/{rel}","templated":true}]}}